{"id":10,"date":"2017-10-18T13:52:16","date_gmt":"2017-10-18T13:52:16","guid":{"rendered":"http:\/\/fairtrekkingnepal.heinemann-it.de\/?page_id=10"},"modified":"2025-02-19T22:06:35","modified_gmt":"2025-02-19T20:06:35","slug":"uber-uns","status":"publish","type":"page","link":"https:\/\/www.fair-trekking-nepal.de\/?page_id=10","title":{"rendered":"\u00dcber uns"},"content":{"rendered":"<p><strong>Fair Trekking Nepal<\/strong> ist ein junges Unternehmen mit&nbsp; 30 \u2013 j\u00e4hriger Erfahrung. Entstanden aus der \u00dcberzeugung dass es auch anders geht. Anders f\u00fcr die Nepali und auch anders f\u00fcr die Trekkingg\u00e4ste.<\/p>\n<p>Gegr\u00fcndet im Herbst 2017 ist <strong>Fair Trekking Nepal<\/strong> eine Nepalesische Trekkingagentur mit einer <strong>ehrenamtlichen<\/strong> Marketing \u2013 und Beratungsstelle in Deutschland. <strong>Dadurch geht jeder Euro, den Sie f\u00fcr eine Reise bezahlen direkt und vollst\u00e4ndig nach Nepal und kommt den Menschen dort zugute<\/strong>.<\/p>\n<p>Adi Mezger der seit 1988 Expeditionen und Trekkingreisen plant und durchf\u00fchrt ist als Partner f\u00fcr uns in Deutschland beratend t\u00e4tig. Mit seinem Erfahrungsschatz wird er Ihnen Ihre Fragen kompetent und umfassend beantworten. Probieren Sie es aus \u2665 !<\/p>\n\n\n<p><\/p>\n","protected":false},"excerpt":{"rendered":"<p>Fair Trekking Nepal ist ein junges Unternehmen mit&nbsp; 30 \u2013 j\u00e4hriger Erfahrung. Entstanden aus der \u00dcberzeugung dass es auch anders<\/p>\n","protected":false},"author":1,"featured_media":0,"parent":0,"menu_order":30,"comment_status":"closed","ping_status":"closed","template":"","meta":{"ngg_post_thumbnail":0},"_links":{"self":[{"href":"https:\/\/www.fair-trekking-nepal.de\/index.php?rest_route=\/wp\/v2\/pages\/10"}],"collection":[{"href":"https:\/\/www.fair-trekking-nepal.de\/index.php?rest_route=\/wp\/v2\/pages"}],"about":[{"href":"https:\/\/www.fair-trekking-nepal.de\/index.php?rest_route=\/wp\/v2\/types\/page"}],"author":[{"embeddable":true,"href":"https:\/\/www.fair-trekking-nepal.de\/index.php?rest_route=\/wp\/v2\/users\/1"}],"replies":[{"embeddable":true,"href":"https:\/\/www.fair-trekking-nepal.de\/index.php?rest_route=%2Fwp%2Fv2%2Fcomments&post=10"}],"version-history":[{"count":12,"href":"https:\/\/www.fair-trekking-nepal.de\/index.php?rest_route=\/wp\/v2\/pages\/10\/revisions"}],"predecessor-version":[{"id":1022,"href":"https:\/\/www.fair-trekking-nepal.de\/index.php?rest_route=\/wp\/v2\/pages\/10\/revisions\/1022"}],"wp:attachment":[{"href":"https:\/\/www.fair-trekking-nepal.de\/index.php?rest_route=%2Fwp%2Fv2%2Fmedia&parent=10"}],"curies":[{"name":"wp","href":"https:\/\/api.w.org\/{rel}","templated":true}]}}