{"id":1086,"date":"2026-01-15T22:47:11","date_gmt":"2026-01-15T20:47:11","guid":{"rendered":"https:\/\/www.fair-trekking-nepal.de\/?page_id=1086"},"modified":"2026-02-08T20:37:45","modified_gmt":"2026-02-08T18:37:45","slug":"neu-trekking-im-noerdlichen-anapurnagebiet-mit-besteigung-von-purkung-6130m-und-purbung-6520m","status":"publish","type":"page","link":"https:\/\/www.fair-trekking-nepal.de\/?page_id=1086","title":{"rendered":"Neu &#8211; Trekking im Expeditionscharakter mit Besteigung von Purkung (6130m) und Purbung (6520m)"},"content":{"rendered":"\n<h5 class=\"wp-block-heading\" id=\"block-a7b421bd-2ed8-45a8-95d2-966fa5bd14a8\">Dauer: 26 Tage<\/h5>\n\n\n\n<p>Unser Ziel liegt im wenig besuchten Purkung Himal direkt n\u00f6rdlich der gewaltigen Anapurnakette. Unsere Trekkingroute geht \u00fcber den zentralen Teil der Anapurnarunde. Durch das Marsyagdi Tal steigen wir auf bis Manang. \u00dcber Khangsar machen wir zur Akklimatisation einen Abstecher zum Tilicho Lake. Vorbei an Ledar geht es weiter nach Thorung Phedi. Hier ist unser Basislager in einer Lodge. Dort beginnt die Sechstausender Besteigung im Expeditionsstiel. Der R\u00fcckweg f\u00fchrt uns \u00fcber Muktinath, Jomsom nach Pokhara wo wir unsere \u201eTraumtour\u201c im gem\u00fctlichen Hotel geb\u00fchrend feiern.<\/p>\n\n\n\n<h5 class=\"wp-block-heading\">Ablauf<\/h5>\n\n\n\n<p>1. Tag: Anreise aus Deutschland <br>2. Tag: Ankunft in Kathmandu &#8211; \u00dcbernachtung im Hotel (1360m)<br>3. Tag: Fahrt nach Besisahar &#8211; Hotel (780m)<br>4. Tag: Fahrt nach Chame &#8211; Lodge (2670m)<br>5. Tag:&nbsp;Trekking nach Upper Pisang &#8211; Lodge (3300m)<br>6. Tag: Trekking nach Bhraka &#8211; Lodge (3360m)<br>7. Tag: Trekking nach Khangsar &#8211; Lodge (3740m)<br>8. Tag: Trekking nach Tilicho Base Camp &#8211; Lodge (4150m)<br>9. Tag: Akklimatisationstour zum Tillichs Lake (4990m) und Abstieg nach Upper Khangsar &#8211; Lodge (4200m)<br>10. Tag: Trekking durchs Thorung Tal nach Thorung Phedi &#8211; Lodge (4450m)<br>11. Tag: Materialtransport ins ABC und Abstieg nach Thorung Phedi &#8211; Lodge (4450m)<br>12. Tag: Materialtransport ins ABC und Abstieg nach Thorung Phedi &#8211; Lodge (4450m)<br>13. Tag: Materialtransport ins ABC &#8211; Zelt (5200m)<br>14. &#8211; 19. Tag: Besteigung Purbung (6520m) und Purkung (6130m) &#8211; Zelt<br>20. Tag: Abstieg nach Thorung Phedi &#8211; Lodge (4450m)<br>21. Tag: Trekking nach Muktinath \u00fcber Thorung La &#8211; Lodge (3760m)<br>22. Tag: Trekking nach Jomsom &#8211; Lodge (2720m)<br>23. Tag: Flug nach Pokhara &#8211; Hotel<br>24. Tag:&nbsp;R\u00fcckflug nach Kathmandu &#8211; Freizeit oder Besichtigungen &#8211; Hotel<br>25. Tag: Kathmandu \/ Reservetag &#8211; Hotel <br>26. Tag: R\u00fcckflug in die Heimat<\/p>\n\n\n\n<p><strong>Die Besteigung von Purkung und Purbung erfolgt nicht direkt vom Basislager. Es ist vorgesehen auf ca. 5200m ein Lager 1 und auf ca. 5700m Lager 2 einzurichten. Der Purbung wurde nach Informationen aus dem Internet bisher nur zweimal bestiegen. 2017 und 2021. Der Grund liegt in der Abgeschiedenheit und der komplizierten Zug\u00e4nglichkeit von S\u00fcden. Es steckt daher auch ein Bisschen Abenteuer in dieser Tour.<\/strong><\/p>\n\n\n\n<h5 class=\"wp-block-heading\">Anforderung Schwierigkeit<\/h5>\n\n\n<div class=\"wp-block-image is-style-default\">\n<figure class=\"alignleft size-full\"><img decoding=\"async\" loading=\"lazy\" width=\"300\" height=\"49\" src=\"https:\/\/www.fair-trekking-nepal.de\/wp-content\/uploads\/2026\/01\/difficulty_small-copy-3.png\" alt=\"\" class=\"wp-image-1100\"\/><\/figure><\/div>\n\n\n<p><\/p>\n\n\n\n<br><br>\n\n\n\n<p><strong>5<\/strong> = Trittsicherheit im weglosen Gel\u00e4nde und teilweise ausgesetzten Bergpfaden. Kondition f\u00fcr 7-9 h Gehzeit t\u00e4glich. Aufstieg in H\u00f6hen \u00fcber 6000 m. Die Besteigung des Purbung erfordert trotz bester Akklimatisation den ausdauernden Hochtourengeher. Sicheres Gehen mit Steigeisen ohne Seilsicherung bis 35 \u00b0 und das seilfreie Klettern von Felspassagen bis zum 2. Grad der UIAA-Skala sind Voraussetzung.&nbsp;Steilere Passagen und schwierigeres Gel\u00e4nde werden mit Fixseilen abgesichert.<\/p>\n\n\n\n<p><\/p>\n\n\n\n<h5 class=\"wp-block-heading\">Unsere Leistungen<\/h5>\n\n\n\n<ul>\n<li>Transfer vom und zum Flughafen Kathmandu<\/li>\n\n\n\n<li>F\u00fcnf \u00dcbernachtungen in einem Hotel in Kathmandu &#8211; f\u00fcnfmal Halbpension<\/li>\n\n\n\n<li>Betreuung w\u00e4hrend der gesamten Trekking-Tour durch unsere erfahrenen Trekking-Guides<\/li>\n\n\n\n<li>Fahrt nach Besisahar<\/li>\n\n\n\n<li>Fahrt nach Chame<\/li>\n\n\n\n<li>Climbing Guide<\/li>\n\n\n\n<li>Nationalparkgeb\u00fchr und Gipfelpermit<\/li>\n\n\n\n<li>Zw\u00f6lf \u00dcbernachtungen in einer Lodge beim Trekking<\/li>\n\n\n\n<li>Acht \u00dcbernachtungen im Zelt<\/li>\n\n\n\n<li>Gep\u00e4cktransport w\u00e4hrend des Trekkings und ins Basislager durch unsere Tr\u00e4ger &#8211; max. 25 kg pro Person<\/li>\n\n\n\n<li>Geh- und Fixseile<\/li>\n\n\n\n<li>Basislager mit K\u00fcchen- und Mannschaftszelt<\/li>\n\n\n\n<li>Hochlagerzelte und Kochausr\u00fcstung im Hochlager\/Verpflegung<\/li>\n\n\n\n<li>Flug von Jomsom nach Pokhara<\/li>\n\n\n\n<li>Flug von Pokhara nach Kathmandu<\/li>\n\n\n\n<li>Vollpension w\u00e4hrend des gesamten Trekkings und den Besteigungen<ul><li>Fr\u00fchst\u00fcck mit Kaffee, Tee oder hei\u00dfem Wasser<span style=\"font-family: var(--text-font); font-size: 1.125rem;\"> <\/span>Mittagessen mit Tee oder hei\u00dfem Wasser<\/li>   <li>Abendessen mit Tee oder hei\u00dfem Wasser<\/li>   <li>Insgesamt 3-4 Liter Tee \/ hei\u00dfes Wasser pro Person und Tag<\/li>   <li>Die Zubereitung der Speisen im Hochlager erfolgt durch die Teilnehmer<\/li><\/ul><\/li>\n<\/ul>\n\n\n\n<h5 class=\"wp-block-heading\">Nicht in den Leistungen enthalten<\/h5>\n\n\n\n<ul>\n<li>Nicht genannte Mahlzeiten und Getr\u00e4nke<\/li>\n\n\n\n<li>Flaschenwasser, Softdrinks , Bier und Nachtisch<\/li>\n\n\n\n<li>Zus\u00e4tzliche Verpflegung (Energieriegel, Schokolade, etc.)<\/li>\n\n\n\n<li>Visum ca. 50$ \/ Trinkgelder ca. 200\u20ac<\/li>\n<\/ul>\n\n\n\n<h5 class=\"wp-block-heading\">Termin 2026<\/h5>\n\n\n\n<p>24.10. &#8211; 18.11. (<span style=\"color: #4f7a28;font-weight: bold;\">Durchf\u00fchrung gesichert<\/span>)<\/p>\n\n\n\n<h5 class=\"wp-block-heading\">Preis ohne Flug (Hin- und R\u00fcckflug Deutschland &#8211; Kathmandu)<\/h5>\n\n\n\n<p>Pro Person: <strong>4590 \u20ac <\/strong>(Durchf\u00fchrung ab 7 Personen)<\/p>\n","protected":false},"excerpt":{"rendered":"<p>Dauer: 26 Tage Unser Ziel liegt im wenig besuchten Purkung Himal direkt n\u00f6rdlich der gewaltigen Anapurnakette. Unsere Trekkingroute geht \u00fcber<\/p>\n","protected":false},"author":1,"featured_media":0,"parent":15,"menu_order":0,"comment_status":"closed","ping_status":"closed","template":"","meta":{"ngg_post_thumbnail":0},"_links":{"self":[{"href":"https:\/\/www.fair-trekking-nepal.de\/index.php?rest_route=\/wp\/v2\/pages\/1086"}],"collection":[{"href":"https:\/\/www.fair-trekking-nepal.de\/index.php?rest_route=\/wp\/v2\/pages"}],"about":[{"href":"https:\/\/www.fair-trekking-nepal.de\/index.php?rest_route=\/wp\/v2\/types\/page"}],"author":[{"embeddable":true,"href":"https:\/\/www.fair-trekking-nepal.de\/index.php?rest_route=\/wp\/v2\/users\/1"}],"replies":[{"embeddable":true,"href":"https:\/\/www.fair-trekking-nepal.de\/index.php?rest_route=%2Fwp%2Fv2%2Fcomments&post=1086"}],"version-history":[{"count":17,"href":"https:\/\/www.fair-trekking-nepal.de\/index.php?rest_route=\/wp\/v2\/pages\/1086\/revisions"}],"predecessor-version":[{"id":1195,"href":"https:\/\/www.fair-trekking-nepal.de\/index.php?rest_route=\/wp\/v2\/pages\/1086\/revisions\/1195"}],"up":[{"embeddable":true,"href":"https:\/\/www.fair-trekking-nepal.de\/index.php?rest_route=\/wp\/v2\/pages\/15"}],"wp:attachment":[{"href":"https:\/\/www.fair-trekking-nepal.de\/index.php?rest_route=%2Fwp%2Fv2%2Fmedia&parent=1086"}],"curies":[{"name":"wp","href":"https:\/\/api.w.org\/{rel}","templated":true}]}}