{"id":1167,"date":"2026-01-23T08:46:21","date_gmt":"2026-01-23T06:46:21","guid":{"rendered":"https:\/\/www.fair-trekking-nepal.de\/?page_id=1167"},"modified":"2026-01-23T08:47:15","modified_gmt":"2026-01-23T06:47:15","slug":"bewertungen","status":"publish","type":"page","link":"https:\/\/www.fair-trekking-nepal.de\/?page_id=1167","title":{"rendered":"Bewertungen"},"content":{"rendered":"<div class=\"wp-gr rpi wpac\" data-id=\"1164\" data-layout=\"slider\" data-exec=\"false\" data-options='{&quot;text_size&quot;:&quot;&quot;,&quot;trans&quot;:{&quot;read more&quot;:&quot;weiterlesen&quot;}}'><svg xmlns=\"http:\/\/www.w3.org\/2000\/svg\" style=\"display:none!important\"><symbol id=\"grw-tripadvisor\" viewBox=\"0 0 713.496 713.496\"><g><circle fill=\"#34E0A1\" cx=\"356.749\" cy=\"356.748\" r=\"356.748\"\/><path d=\"M577.095,287.152l43.049-46.836h-95.465c-47.792-32.646-105.51-51.659-167.931-51.659   c-62.342,0-119.899,19.054-167.612,51.659H93.432l43.049,46.836c-26.387,24.075-42.929,58.754-42.929,97.259   c0,72.665,58.914,131.578,131.579,131.578c34.519,0,65.968-13.313,89.446-35.077l42.172,45.919l42.172-45.879   c23.478,21.764,54.887,35.037,89.406,35.037c72.665,0,131.658-58.913,131.658-131.578   C620.024,345.866,603.483,311.188,577.095,287.152z M225.17,473.458c-49.188,0-89.047-39.859-89.047-89.047   s39.86-89.048,89.047-89.048c49.187,0,89.047,39.86,89.047,89.048S274.357,473.458,225.17,473.458z M356.788,381.82   c0-58.595-42.61-108.898-98.853-130.383c30.413-12.716,63.776-19.771,98.813-19.771s68.439,7.055,98.853,19.771   C399.399,272.962,356.788,323.226,356.788,381.82z M488.367,473.458c-49.188,0-89.048-39.859-89.048-89.047   s39.86-89.048,89.048-89.048s89.047,39.86,89.047,89.048S537.554,473.458,488.367,473.458z M488.367,337.694   c-25.79,0-46.677,20.887-46.677,46.677c0,25.789,20.887,46.676,46.677,46.676c25.789,0,46.676-20.887,46.676-46.676   C535.042,358.621,514.156,337.694,488.367,337.694z M271.846,384.411c0,25.789-20.887,46.676-46.676,46.676   s-46.676-20.887-46.676-46.676c0-25.79,20.887-46.677,46.676-46.677C250.959,337.694,271.846,358.621,271.846,384.411z\"\/><\/g><\/symbol><symbol id=\"grw-google\" viewBox=\"0 0 512 512\"><g fill=\"none\" fill-rule=\"evenodd\"><path d=\"M482.56 261.36c0-16.73-1.5-32.83-4.29-48.27H256v91.29h127.01c-5.47 29.5-22.1 54.49-47.09 71.23v59.21h76.27c44.63-41.09 70.37-101.59 70.37-173.46z\" fill=\"#4285f4\"\/><path d=\"M256 492c63.72 0 117.14-21.13 156.19-57.18l-76.27-59.21c-21.13 14.16-48.17 22.53-79.92 22.53-61.47 0-113.49-41.51-132.05-97.3H45.1v61.15c38.83 77.13 118.64 130.01 210.9 130.01z\" fill=\"#34a853\"\/><path d=\"M123.95 300.84c-4.72-14.16-7.4-29.29-7.4-44.84s2.68-30.68 7.4-44.84V150.01H45.1C29.12 181.87 20 217.92 20 256c0 38.08 9.12 74.13 25.1 105.99l78.85-61.15z\" fill=\"#fbbc05\"\/><path d=\"M256 113.86c34.65 0 65.76 11.91 90.22 35.29l67.69-67.69C373.03 43.39 319.61 20 256 20c-92.25 0-172.07 52.89-210.9 130.01l78.85 61.15c18.56-55.78 70.59-97.3 132.05-97.3z\" fill=\"#ea4335\"\/><path d=\"M20 20h472v472H20V20z\"\/><\/g><\/symbol><\/svg><div class=\"grw-row grw-row-m\" data-options='{\"speed\":3,\"autoplay\":false,\"mousestop\":false,\"breakpoints\":\"\"}'><div class=\"grw-header\"><div class=\"grw-header-inner rpi-flx rpi-row12\"><div class=\"grw-img-wrap\"><img class=\"grw-img\" src=\"https:\/\/lh3.googleusercontent.com\/place-photos\/AEkURDwK4IUw_TEOoOfcGsqzhts7LnHgJK3HkkYbdbjKEirs4qHMF6YZ5UqgeHPaAlSMNMtYZu_wjodIssB0doVungNkLcOMF6-J_ZTVPr1XxE5AcmIrFkC1n6_DxHTPkQ4bL44yRw7_quKLXQ-RqKSPcqC3=s4800-w300-h300\" loading=\"lazy\" alt=\"Fair-Trekking-Nepal place picture\" width=\"50\" height=\"50\" onerror=\"if(this.src!='data:image\/gif;base64,R0lGODlhAQABAIAAAAAAAP\/\/\/yH5BAEAAAAALAAAAAABAAEAAAIBRAA7')this.src='data:image\/gif;base64,R0lGODlhAQABAIAAAAAAAP\/\/\/yH5BAEAAAAALAAAAAABAAEAAAIBRAA7';\" ><\/div><div class=\"rpi-flx rpi-col8\"><div class=\"wp-google-name\"><a href=\"https:\/\/maps.google.com\/?cid=13110912914682549077&#038;g_mp=CiVnb29nbGUubWFwcy5wbGFjZXMudjEuUGxhY2VzLkdldFBsYWNlEAIYBCAA\" target=\"_blank\" rel=\"nofollow noopener\">Fair-Trekking-Nepal<\/a><\/div><span class=\"rpi-stars\" style=\"--rating:5.0\">5.0<\/span><div class=\"wp-google-based\">Basierend auf 7 Bewertungen<\/div><div class=\"wp-google-powered\">powered by <span><span style=\"color:#3c6df0!important\">G<\/span><span style=\"color:#d93025!important\">o<\/span><span style=\"color:#fb8e28!important\">o<\/span><span style=\"color:#3c6df0!important\">g<\/span><span style=\"color:#188038!important\">l<\/span><span style=\"color:#d93025!important\">e<\/span><\/span><\/div><div class=\"wp-google-wr\"><a href=\"https:\/\/search.google.com\/local\/writereview?placeid=ChIJpydvL3HjmEcRVRO80NRR87U\" target=\"_blank\" rel=\"nofollow noopener\" onclick=\"return rplg_leave_review_window.call(this)\">bewerte uns auf<svg height=\"16\" width=\"16\" role=\"none\"><use href=\"#grw-google\"><\/use><\/svg><\/a><\/div><\/div><\/div><\/div><div class=\"rpi-slides-root grw-content\"><div class=\"grw-content-inner\"><button class=\"rpi-ltgt rpi-lt grw-prev\" tabindex=\"0\"><\/button><div class=\"rpi-slides grw-reviews rpi-slides-bite\" data-count=\"6\" data-offset=\"6\"><div class=\"rpi-slide grw-review\"><div class=\"rpi-flx rpi-col12 grw-review-inner grw-backgnd grw-round\"><div class=\"rpi-flx rpi-row12-center\"><div class=\"grw-img-wrap\"><img class=\"grw-img\" src=\"http:\/\/www.fair-trekking-nepal.de\/wp-content\/uploads\/2026\/01\/ChIJpydvL3HjmEcRVRO80NRR87U_8b376e44fea5d4c39894352cc108b23b.jpg\" loading=\"lazy\" alt=\"Tom Odon profile picture\" width=\"50\" height=\"50\" onerror=\"if(this.src!='https:\/\/www.fair-trekking-nepal.de\/wp-content\/plugins\/widget-google-reviews\/assets\/img\/guest.png')this.src='https:\/\/www.fair-trekking-nepal.de\/wp-content\/plugins\/widget-google-reviews\/assets\/img\/guest.png';\" ><\/div><div class=\"rpi-flx rpi-col6\"><a href=\"https:\/\/www.google.com\/maps\/contrib\/114550019860452913113\/reviews\" class=\"wp-google-name\" target=\"_blank\" rel=\"nofollow noopener\">Tom Odon<\/a><div class=\"wp-google-time\" data-time=\"1766316956\">11:35 21 Dec 25<\/div><\/div><\/div><span class=\"rpi-stars\" style=\"--rating:5\"><\/span><div class=\"rpi-flx rpi-col4\"><div class=\"wp-google-feedback grw-scroll\" ><span class=\"wp-google-text\">Nepal ist so viel mehr als nur der Everest\u2026.<br \/><br \/>Erstmal Danke an alle die diese Reise zu dem gemacht haben was sie war.<br \/><br \/>Wir haben uns f\u00fcr die \u00fc50 Spezial Tour im November 2025 entschieden, lieber erstmal langsamer starten und man braucht ja noch Luft nach oben.<br \/>Eigentlich m\u00fcsste man einen Roman schreiben, um diesen Urlaub in Worte zu fassen.<br \/>Und genau das war es Urlaub, klar man hat im Vorfeld einiges zu erledigen wie Ausr\u00fcstung kaufen, Flug buchen etc. aber da steht einem Adi mit Rat und Tat zur Seite.<br \/>Nach der Ankunft in Kathmandu ist das, was vorher war vergessen, alles ist geplant und gut strukturiert, wenig dem Zufall \u00fcberlassen und wenn sich doch mal was \u00e4ndert, reagiert Sonam sofort.<br \/>Sonam ist immer pr\u00e4sent k\u00fcmmert sich um alles, erkl\u00e4rt, geht auf W\u00fcnsche ein, und die gro\u00dfartige Aussicht, die Natur, die Menschen, die Momente, die wir erleben und kennenlernen durften, w\u00e4ren ohne Ihn so gar nicht m\u00f6glich gewesen. Was bei seiner Vorstellung auf der Homepage und den Flyern etwas untergeht ist, das er nicht nur ein bissle Deutsch kann sondern es wirklich gut ist.<br \/><br \/>Doch das gute ist, das Fair Trecking Nepal noch so viele andere Touren bietet, das es bestimmt nicht das einzige Mal bleibt, das wir Ihn, seine Familie und dieses sch\u00f6ne Land besuchen werden.<\/span><\/div><\/div><svg height=\"16\" width=\"16\" role=\"none\"><use href=\"#grw-google\"\/><\/svg><\/div><\/div><div class=\"rpi-slide grw-review\"><div class=\"rpi-flx rpi-col12 grw-review-inner grw-backgnd grw-round\"><div class=\"rpi-flx rpi-row12-center\"><div class=\"grw-img-wrap\"><img class=\"grw-img\" src=\"http:\/\/www.fair-trekking-nepal.de\/wp-content\/uploads\/2026\/01\/ChIJpydvL3HjmEcRVRO80NRR87U_5ebd41009642d91b1a43dd38032f35f6.jpg\" loading=\"lazy\" alt=\"Achim Kugler profile picture\" width=\"50\" height=\"50\" onerror=\"if(this.src!='https:\/\/www.fair-trekking-nepal.de\/wp-content\/plugins\/widget-google-reviews\/assets\/img\/guest.png')this.src='https:\/\/www.fair-trekking-nepal.de\/wp-content\/plugins\/widget-google-reviews\/assets\/img\/guest.png';\" ><\/div><div class=\"rpi-flx rpi-col6\"><a href=\"https:\/\/www.google.com\/maps\/contrib\/106408115331607364045\/reviews\" class=\"wp-google-name\" target=\"_blank\" rel=\"nofollow noopener\">Achim Kugler<\/a><div class=\"wp-google-time\" data-time=\"1758381722\">15:22 20 Sep 25<\/div><\/div><\/div><span class=\"rpi-stars\" style=\"--rating:5\"><\/span><div class=\"rpi-flx rpi-col4\"><div class=\"wp-google-feedback grw-scroll\" ><span class=\"wp-google-text\">Wir waren im Mai auf dem ThreePass Everest Trek mit Fair Trekking Nepal unterwegs. Es war ein wundersch\u00f6nes Abenteuer und die gesamte Tour wurde von unserem Guide Sonam hervorragend durchdacht und umgesetzt. Jeder Teilnehmer hatte einen Tr\u00e4ger - was wir auch sehr gut und fair finden, denn wir haben auch sehr viele andere Tr\u00e4ger mit unmenschlichen Lasten gesehen. Unsere Tr\u00e4ger waren jederzeit gut gelaunt und f\u00fcr einen Spa\u00df zu haben. Unser Guide Sonam ist der beste F\u00fchrer den man sich nur w\u00fcnschen kann. Er spricht sehr gut deutsch, ging auf unsere W\u00fcnsche ein und hat auch in schwierigen Situationen Ruhe bewahrt und die best m\u00f6gliche L\u00f6sung gefunden. Auch bei Sonams Frau m\u00f6chten wir uns herzlich f\u00fcr das leckere Mittagessen bedanken.<br \/>Wir haben nur sehr gute Erfahrungen mit Fair Trekking Nepal gemacht und werden sie jederzeit gerne weiterempfehlen.<\/span><\/div><\/div><svg height=\"16\" width=\"16\" role=\"none\"><use href=\"#grw-google\"\/><\/svg><\/div><\/div><div class=\"rpi-slide grw-review\"><div class=\"rpi-flx rpi-col12 grw-review-inner grw-backgnd grw-round\"><div class=\"rpi-flx rpi-row12-center\"><div class=\"grw-img-wrap\"><img class=\"grw-img\" src=\"http:\/\/www.fair-trekking-nepal.de\/wp-content\/uploads\/2026\/01\/ChIJpydvL3HjmEcRVRO80NRR87U_63e624f4569b0da1db7931988a590443.jpg\" loading=\"lazy\" alt=\"Hubi Ulli profile picture\" width=\"50\" height=\"50\" onerror=\"if(this.src!='https:\/\/www.fair-trekking-nepal.de\/wp-content\/plugins\/widget-google-reviews\/assets\/img\/guest.png')this.src='https:\/\/www.fair-trekking-nepal.de\/wp-content\/plugins\/widget-google-reviews\/assets\/img\/guest.png';\" ><\/div><div class=\"rpi-flx rpi-col6\"><a href=\"https:\/\/www.google.com\/maps\/contrib\/107188484247040473441\/reviews\" class=\"wp-google-name\" target=\"_blank\" rel=\"nofollow noopener\">Hubi Ulli<\/a><div class=\"wp-google-time\" data-time=\"1729621480\">18:24 22 Oct 24<\/div><\/div><\/div><span class=\"rpi-stars\" style=\"--rating:5\"><\/span><div class=\"rpi-flx rpi-col4\"><div class=\"wp-google-feedback grw-scroll\" ><span class=\"wp-google-text\">Wir haben im Oktober 2024 zwei Touren (Helambu Runde und Manaslu Circuit) mit Guides von fair trekking gemacht und waren beide male hochzufrieden mit der Betreuung. Die Guides waren sehr hilfsbereit und aufmerksam und haben beide Touren zu einem unvergesslichen Erlebnis gemacht. Die Regelung je Teilnehmer einen eigenen Tr\u00e4ger zu stellen fanden wir sehr gut, das erm\u00f6glicht mehr Flexibilit\u00e4t und ist auch fairer den Tr\u00e4gern gegen\u00fcber. Wir k\u00f6nnen diese Agentur auf jeden Fall empfehlen!<\/span><\/div><\/div><svg height=\"16\" width=\"16\" role=\"none\"><use href=\"#grw-google\"\/><\/svg><\/div><\/div><div class=\"rpi-slide grw-review\"><div class=\"rpi-flx rpi-col12 grw-review-inner grw-backgnd grw-round\"><div class=\"rpi-flx rpi-row12-center\"><div class=\"grw-img-wrap\"><img class=\"grw-img\" src=\"http:\/\/www.fair-trekking-nepal.de\/wp-content\/uploads\/2026\/01\/ChIJpydvL3HjmEcRVRO80NRR87U_8d0af0e8f47d90481ccddb5068cbce35.jpg\" loading=\"lazy\" alt=\"Sebastian profile picture\" width=\"50\" height=\"50\" onerror=\"if(this.src!='https:\/\/www.fair-trekking-nepal.de\/wp-content\/plugins\/widget-google-reviews\/assets\/img\/guest.png')this.src='https:\/\/www.fair-trekking-nepal.de\/wp-content\/plugins\/widget-google-reviews\/assets\/img\/guest.png';\" ><\/div><div class=\"rpi-flx rpi-col6\"><a href=\"https:\/\/www.google.com\/maps\/contrib\/106059014500558946163\/reviews\" class=\"wp-google-name\" target=\"_blank\" rel=\"nofollow noopener\">Sebastian<\/a><div class=\"wp-google-time\" data-time=\"1729155272\">08:54 17 Oct 24<\/div><\/div><\/div><span class=\"rpi-stars\" style=\"--rating:5\"><\/span><div class=\"rpi-flx rpi-col4\"><div class=\"wp-google-feedback grw-scroll\" ><span class=\"wp-google-text\">Sehr nette und kompetente Beratung, vielen Dank.<\/span><\/div><\/div><svg height=\"16\" width=\"16\" role=\"none\"><use href=\"#grw-google\"\/><\/svg><\/div><\/div><div class=\"rpi-slide grw-review\"><div class=\"rpi-flx rpi-col12 grw-review-inner grw-backgnd grw-round\"><div class=\"rpi-flx rpi-row12-center\"><div class=\"grw-img-wrap\"><img class=\"grw-img\" src=\"http:\/\/www.fair-trekking-nepal.de\/wp-content\/uploads\/2026\/01\/ChIJpydvL3HjmEcRVRO80NRR87U_3e0f1fe1efe0d5684629b8453bd987fc.jpg\" loading=\"lazy\" alt=\"Lisa W. profile picture\" width=\"50\" height=\"50\" onerror=\"if(this.src!='https:\/\/www.fair-trekking-nepal.de\/wp-content\/plugins\/widget-google-reviews\/assets\/img\/guest.png')this.src='https:\/\/www.fair-trekking-nepal.de\/wp-content\/plugins\/widget-google-reviews\/assets\/img\/guest.png';\" ><\/div><div class=\"rpi-flx rpi-col6\"><a href=\"https:\/\/www.google.com\/maps\/contrib\/111191011416740515588\/reviews\" class=\"wp-google-name\" target=\"_blank\" rel=\"nofollow noopener\">Lisa W.<\/a><div class=\"wp-google-time\" data-time=\"1713383090\">19:44 17 Apr 24<\/div><\/div><\/div><span class=\"rpi-stars\" style=\"--rating:5\"><\/span><div class=\"rpi-flx rpi-col4\"><div class=\"wp-google-feedback grw-scroll\" ><span class=\"wp-google-text\">Wir waren im M\u00e4rz 2024 zu 7. in Nepal auf dem Manaslu Circuit 12 Tage unterwegs! Wir hatten 2 Guides dabei und pro Person einen Tr\u00e4ger. Die Reise war toll organisiert, die Nepali und Adi in Deutschland waren zu jederzeit an unserer Seite und haben nach uns geschaut. Wir waren rundum gut versorgt! Das Wetter hat toll mitgespielt und alle haben es \u00fcber den Pass geschafft! Am Ende hatten wir auch noch einen Tag in Kathmandu und Zeit f\u00fcr Sightseeing. Rundum ist Trekking eine unglaubliche Erfahrung und man kann viel tiefer in die Kultur und die Landschaft eintauchen und zudem kommt man auf den langen Wanderung auch mit den Einheimischen sch\u00f6n ins Gespr\u00e4ch! Wir w\u00fcrden jederzeit wieder Fair-Trekking-Nepal empfehlen!! Vielen Dank f\u00fcr alles!!<\/span><\/div><\/div><svg height=\"16\" width=\"16\" role=\"none\"><use href=\"#grw-google\"\/><\/svg><\/div><\/div><div class=\"rpi-slide grw-review\"><div class=\"rpi-flx rpi-col12 grw-review-inner grw-backgnd grw-round\"><div class=\"rpi-flx rpi-row12-center\"><div class=\"grw-img-wrap\"><img class=\"grw-img\" src=\"http:\/\/www.fair-trekking-nepal.de\/wp-content\/uploads\/2026\/01\/ChIJpydvL3HjmEcRVRO80NRR87U_021f171038d9da6548c49cfa5d1827a4.jpg\" loading=\"lazy\" alt=\"Armin Gaul profile picture\" width=\"50\" height=\"50\" onerror=\"if(this.src!='https:\/\/www.fair-trekking-nepal.de\/wp-content\/plugins\/widget-google-reviews\/assets\/img\/guest.png')this.src='https:\/\/www.fair-trekking-nepal.de\/wp-content\/plugins\/widget-google-reviews\/assets\/img\/guest.png';\" ><\/div><div class=\"rpi-flx rpi-col6\"><a href=\"https:\/\/www.google.com\/maps\/contrib\/105315433675386501072\/reviews\" class=\"wp-google-name\" target=\"_blank\" rel=\"nofollow noopener\">Armin Gaul<\/a><div class=\"wp-google-time\" data-time=\"1699608971\">09:36 10 Nov 23<\/div><\/div><\/div><span class=\"rpi-stars\" style=\"--rating:5\"><\/span><div class=\"rpi-flx rpi-col4\"><div class=\"wp-google-feedback grw-scroll\" ><span class=\"wp-google-text\">Der Guide Sonam f\u00fchrte die Tour zum Gokyo Ri professionelle und sehr angenehm. Ist immer um mein Wohl bem\u00fcht und k\u00fcmmert sich hervorragend um alles, geht auf individuelle W\u00fcnsche ein!<br \/>Und der Name \u201eFair\u201c ist zurecht Bestandteil des Firmennamen.<br \/>Gerne wieder und uneingeschr\u00e4nkt weiterzuempfehlen!<\/span><\/div><\/div><svg height=\"16\" width=\"16\" role=\"none\"><use href=\"#grw-google\"\/><\/svg><\/div><\/div><\/div><button class=\"rpi-ltgt rpi-gt grw-next\" tabindex=\"0\"><\/button><div class=\"rpi-dots-wrap\"><div class=\"rpi-dots\"><\/div><\/div><\/div><\/div><\/div><script>(function(p){if(!p)return;let w=p.offsetWidth,m=function(a,b){return Math.min(a,b)===a};p.querySelector('.grw-row').classList.replace('grw-row-m','grw-row-'+(m(w,510)?'xs':m(w,750)?'x':m(w,1100)?'s':m(w,1450)?'m':m(w,1800)?'l':'xl'))})(document.currentScript?.parentElement)<\/script><\/div>\n","protected":false},"excerpt":{"rendered":"","protected":false},"author":1,"featured_media":0,"parent":0,"menu_order":0,"comment_status":"closed","ping_status":"closed","template":"","meta":{"ngg_post_thumbnail":0},"_links":{"self":[{"href":"https:\/\/www.fair-trekking-nepal.de\/index.php?rest_route=\/wp\/v2\/pages\/1167"}],"collection":[{"href":"https:\/\/www.fair-trekking-nepal.de\/index.php?rest_route=\/wp\/v2\/pages"}],"about":[{"href":"https:\/\/www.fair-trekking-nepal.de\/index.php?rest_route=\/wp\/v2\/types\/page"}],"author":[{"embeddable":true,"href":"https:\/\/www.fair-trekking-nepal.de\/index.php?rest_route=\/wp\/v2\/users\/1"}],"replies":[{"embeddable":true,"href":"https:\/\/www.fair-trekking-nepal.de\/index.php?rest_route=%2Fwp%2Fv2%2Fcomments&post=1167"}],"version-history":[{"count":2,"href":"https:\/\/www.fair-trekking-nepal.de\/index.php?rest_route=\/wp\/v2\/pages\/1167\/revisions"}],"predecessor-version":[{"id":1170,"href":"https:\/\/www.fair-trekking-nepal.de\/index.php?rest_route=\/wp\/v2\/pages\/1167\/revisions\/1170"}],"wp:attachment":[{"href":"https:\/\/www.fair-trekking-nepal.de\/index.php?rest_route=%2Fwp%2Fv2%2Fmedia&parent=1167"}],"curies":[{"name":"wp","href":"https:\/\/api.w.org\/{rel}","templated":true}]}}