{"id":174,"date":"2018-02-12T19:45:18","date_gmt":"2018-02-12T17:45:18","guid":{"rendered":"http:\/\/fairtrekkingnepal.heinemann-it.de\/?page_id=174"},"modified":"2025-02-19T22:09:59","modified_gmt":"2025-02-19T20:09:59","slug":"beratung","status":"publish","type":"page","link":"https:\/\/www.fair-trekking-nepal.de\/?page_id=174","title":{"rendered":"Beratung"},"content":{"rendered":"<p>Wir beraten Sie gerne in allen Fragen einer Nepalreise. Kontaktieren Sie uns per Mail oder telefonisch wir werden jede Anfrage beantworten. Adi Mezger ist seit \u00fcber 30 Jahren regelm\u00e4\u00dfig unterwegs auf Trekkings und Expeditionen und wird Ihnen mit seiner Erfahrung und seinem Wissen \u00fcber das Bergsteigen auch in gr\u00f6\u00dferen H\u00f6hen Ihre Fragen kompetent und umfassend beantworten.<\/p>\n<p><strong>Mobil: 0157 751 600 45 oder info@fair-trekking-nepal.de<\/strong><\/p>\n<p>&nbsp;<\/p>\n","protected":false},"excerpt":{"rendered":"<p>Wir beraten Sie gerne in allen Fragen einer Nepalreise. Kontaktieren Sie uns per Mail oder telefonisch wir werden jede Anfrage<\/p>\n","protected":false},"author":1,"featured_media":0,"parent":0,"menu_order":35,"comment_status":"closed","ping_status":"closed","template":"","meta":{"ngg_post_thumbnail":0},"_links":{"self":[{"href":"https:\/\/www.fair-trekking-nepal.de\/index.php?rest_route=\/wp\/v2\/pages\/174"}],"collection":[{"href":"https:\/\/www.fair-trekking-nepal.de\/index.php?rest_route=\/wp\/v2\/pages"}],"about":[{"href":"https:\/\/www.fair-trekking-nepal.de\/index.php?rest_route=\/wp\/v2\/types\/page"}],"author":[{"embeddable":true,"href":"https:\/\/www.fair-trekking-nepal.de\/index.php?rest_route=\/wp\/v2\/users\/1"}],"replies":[{"embeddable":true,"href":"https:\/\/www.fair-trekking-nepal.de\/index.php?rest_route=%2Fwp%2Fv2%2Fcomments&post=174"}],"version-history":[{"count":6,"href":"https:\/\/www.fair-trekking-nepal.de\/index.php?rest_route=\/wp\/v2\/pages\/174\/revisions"}],"predecessor-version":[{"id":1023,"href":"https:\/\/www.fair-trekking-nepal.de\/index.php?rest_route=\/wp\/v2\/pages\/174\/revisions\/1023"}],"wp:attachment":[{"href":"https:\/\/www.fair-trekking-nepal.de\/index.php?rest_route=%2Fwp%2Fv2%2Fmedia&parent=174"}],"curies":[{"name":"wp","href":"https:\/\/api.w.org\/{rel}","templated":true}]}}