{"id":371,"date":"2023-01-09T18:42:22","date_gmt":"2023-01-09T16:42:22","guid":{"rendered":"http:\/\/www.fair-trekking-nepal.de\/?page_id=371"},"modified":"2026-01-18T22:14:33","modified_gmt":"2026-01-18T20:14:33","slug":"von-kathmandu-ueber-die-heiligen-seen-von-gosaikund-in-das-langtang-2","status":"publish","type":"page","link":"https:\/\/www.fair-trekking-nepal.de\/?page_id=371","title":{"rendered":"Von Kathmandu \u00fcber die Heiligen Seen von Gosaikund in das Langtang"},"content":{"rendered":"<style>#jtg-987 .modula-item { border-radius: 12px; }#jtg-987 .modula-item .jtg-social a, .lightbox-socials.jtg-social a{ fill: #ffffff; color: #ffffff }#jtg-987 .modula-item .jtg-social-expandable a, #jtg-987 .modula-item .jtg-social-expandable-icons a{ fill: #ffffff; color: #ffffff }#jtg-987 .modula-item .jtg-social svg, .lightbox-socials.jtg-social svg { height: 16px; width: 16px }#jtg-987 .modula-item .jtg-social-expandable svg { height: 16px; width: 16px }#jtg-987 .modula-item .jtg-social-expandable-icons svg { height: 16px; width: 16px }#jtg-987 .modula-item .jtg-social a:not(:last-child), .lightbox-socials.jtg-social a:not(:last-child) { margin-right: 10px }#jtg-987 .modula-item .jtg-social-expandable-icons { gap: 10px }#jtg-987 .modula-item .figc {color:#ffffff;}#jtg-987 .modula-item .figc .jtg-title {  font-size: 16px; }#jtg-987 .modula-item .modula-item-content { transform: scale(1); }#jtg-987 { width:80%;}#jtg-987 .modula-items .figc p.description,#jtg-987 .modula-items .figc .jtg-description { font-size:14px; }#jtg-987 .modula-items .figc p.description,#jtg-987 .modula-items .figc .jtg-description { color:#ffffff;}#jtg-987 .modula-items .figc .jtg-title { color:#ffffff; }#jtg-987.modula-gallery .modula-item > a, #jtg-987.modula-gallery .modula-item a.modula-item-link, #jtg-987.modula-gallery .modula-item-content > a:not(.modula-no-follow) { cursor:zoom-in; } #jtg-987.modula-gallery .modula-item-content .modula-no-follow { cursor: default; } @media screen and (max-width:480px){#jtg-987 .modula-item .figc .jtg-title {  font-size: 12px; }#jtg-987 .modula-items .figc p.description,#jtg-987 .modula-items .figc .jtg-description { color:#ffffff;font-size:10px; }}<\/style>\n<div  id=\"jtg-987\" class=\"modula modula-gallery modula-columns\" data-config=\"{&quot;tabletHeight&quot;:800,&quot;mobileHeight&quot;:800,&quot;desktopHeight&quot;:800,&quot;enableTwitter&quot;:false,&quot;enableWhatsapp&quot;:false,&quot;enableFacebook&quot;:false,&quot;enablePinterest&quot;:false,&quot;enableLinkedin&quot;:false,&quot;enableEmail&quot;:false,&quot;randomFactor&quot;:0.5,&quot;type&quot;:&quot;grid&quot;,&quot;columns&quot;:12,&quot;gutter&quot;:10,&quot;mobileGutter&quot;:10,&quot;tabletGutter&quot;:10,&quot;desktopGutter&quot;:10,&quot;enableResponsive&quot;:&quot;0&quot;,&quot;tabletColumns&quot;:2,&quot;mobileColumns&quot;:1,&quot;lazyLoad&quot;:0,&quot;lightboxOpts&quot;:{&quot;animated&quot;:true,&quot;Thumbs&quot;:{&quot;type&quot;:&quot;modern&quot;,&quot;showOnStart&quot;:false},&quot;Toolbar&quot;:{&quot;display&quot;:{&quot;right&quot;:[&quot;close&quot;]},&quot;enabled&quot;:true},&quot;Carousel&quot;:{&quot;Panzoom&quot;:{&quot;touch&quot;:false},&quot;infinite&quot;:false},&quot;keyboard&quot;:{&quot;Escape&quot;:&quot;close&quot;,&quot;Delete&quot;:&quot;close&quot;,&quot;Backspace&quot;:&quot;close&quot;,&quot;PageUp&quot;:false,&quot;PageDown&quot;:false,&quot;ArrowUp&quot;:false,&quot;ArrowDown&quot;:false,&quot;ArrowRight&quot;:false,&quot;ArrowLeft&quot;:false},&quot;touch&quot;:false,&quot;backdropClick&quot;:false,&quot;l10n&quot;:{&quot;CLOSE&quot;:&quot;Close&quot;,&quot;NEXT&quot;:&quot;Next&quot;,&quot;PREV&quot;:&quot;Previous&quot;,&quot;Error&quot;:&quot;The requested content cannot be loaded. Please try again later.&quot;,&quot;PLAY_START&quot;:&quot;Start slideshow&quot;,&quot;PLAY_STOP&quot;:&quot;Pause slideshow&quot;,&quot;FULL_SCREEN&quot;:&quot;Full screen&quot;,&quot;THUMBS&quot;:&quot;Thumbnails&quot;,&quot;DOWNLOAD&quot;:&quot;Download&quot;,&quot;SHARE&quot;:&quot;Share&quot;,&quot;ZOOM&quot;:&quot;Zoom&quot;,&quot;EMAIL&quot;:&quot;Here is the link to the image : %%image_link%% and this is the link to the gallery : %%gallery_link%%&quot;,&quot;MODAL&quot;:&quot;You can close this modal content with the ESC key&quot;,&quot;ERROR&quot;:&quot;Something Went Wrong, Please Try Again Later&quot;,&quot;IMAGE_ERROR&quot;:&quot;Image Not Found&quot;,&quot;ELEMENT_NOT_FOUND&quot;:&quot;HTML Element Not Found&quot;,&quot;AJAX_NOT_FOUND&quot;:&quot;Error Loading AJAX : Not Found&quot;,&quot;AJAX_FORBIDDEN&quot;:&quot;Error Loading AJAX : Forbidden&quot;,&quot;IFRAME_ERROR&quot;:&quot;Error Loading Page&quot;,&quot;TOGGLE_ZOOM&quot;:&quot;Toggle zoom level&quot;,&quot;TOGGLE_THUMBS&quot;:&quot;Toggle thumbnails&quot;,&quot;TOGGLE_SLIDESHOW&quot;:&quot;Toggle slideshow&quot;,&quot;TOGGLE_FULLSCREEN&quot;:&quot;Toggle full-screen mode&quot;},&quot;Images&quot;:{&quot;Panzoom&quot;:{&quot;maxScale&quot;:2}},&quot;mainClass&quot;:&quot;modula-fancybox-container modula-lightbox-jtg-987&quot;,&quot;Html&quot;:{&quot;videoAutoplay&quot;:0,&quot;videoTpl&quot;:&quot;&lt;video class=\\&quot;fancybox__html5video\\&quot; controls muted playsinline controlsList controlsList=\\&quot;nodownload\\&quot; poster=\\&quot;{{poster}}\\&quot; src=\\&quot;{{src}}\\&quot; type=\\&quot;{{format}}\\&quot; &gt;  Sorry, your browser doesn&#039;t support embedded videos, &lt;a href=\\&quot;{{src}}\\&quot;&gt; download &lt;\\\/a&gt; and watch with your favorite video player! &lt;\\\/video&gt;&quot;}},&quot;inView&quot;:false,&quot;email_subject&quot;:&quot;Check out this awesome image !!&quot;,&quot;email_message&quot;:&quot;Here is the link to the image : %%image_link%% and this is the link to the gallery : %%gallery_link%%&quot;,&quot;grid_type&quot;:&quot;automatic&quot;,&quot;rowHeight&quot;:200,&quot;lastRow&quot;:&quot;center&quot;,&quot;lightbox&quot;:&quot;fancybox&quot;}\">\n\n\t\n\t<div  class=\"modula-items grid-gallery\">\n\t\t<div class=\"modula-item effect-pufrobo\" >\n\t<div class=\"modula-item-overlay\"><\/div>\n\n\t<div class=\"modula-item-content\">\n\n\t\t\t\t\n\t\t\t\t\t<a data-image-id=\"988\" role=\"button\" tabindex=\"0\" rel=\"jtg-987\" data-caption=\"\" aria-label=\"Open image in lightbox\" class=\"tile-inner modula-item-link\"><\/a>\n\t\t\n\t\t<img class=\"pic wp-image-988\"  data-valign=\"middle\" data-halign=\"center\" alt=\"\" data-full=\"https:\/\/www.fair-trekking-nepal.de\/wp-content\/uploads\/2025\/02\/1-2.jpg\" title=\"1\" width=\"800\" height=\"533\" src=\"https:\/\/www.fair-trekking-nepal.de\/wp-content\/uploads\/2025\/02\/1-2.jpg\" data-src=\"https:\/\/www.fair-trekking-nepal.de\/wp-content\/uploads\/2025\/02\/1-2.jpg\" data-caption=\"\" srcset=\"https:\/\/www.fair-trekking-nepal.de\/wp-content\/uploads\/2025\/02\/1-2.jpg 800w, https:\/\/www.fair-trekking-nepal.de\/wp-content\/uploads\/2025\/02\/1-2-300x200.jpg 300w, https:\/\/www.fair-trekking-nepal.de\/wp-content\/uploads\/2025\/02\/1-2-768x512.jpg 768w\" sizes=\"(max-width: 800px) 100vw, 800px\" \/>\n\t\t<div class=\"figc no-description\">\n\t\t\t<div class=\"figc-inner\">\n\t\t\t\t\t\t\t\t\t\t\t\t\t\t\t<\/div>\n\t\t<\/div>\n\n\t<\/div>\n\n<\/div><div class=\"modula-item effect-pufrobo\" >\n\t<div class=\"modula-item-overlay\"><\/div>\n\n\t<div class=\"modula-item-content\">\n\n\t\t\t\t\n\t\t\t\t\t<a data-image-id=\"989\" role=\"button\" tabindex=\"0\" rel=\"jtg-987\" data-caption=\"\" aria-label=\"Open image in lightbox\" class=\"tile-inner modula-item-link\"><\/a>\n\t\t\n\t\t<img class=\"pic wp-image-989\"  data-valign=\"middle\" data-halign=\"center\" alt=\"\" data-full=\"https:\/\/www.fair-trekking-nepal.de\/wp-content\/uploads\/2025\/02\/2-2.jpg\" title=\"2\" width=\"800\" height=\"533\" src=\"https:\/\/www.fair-trekking-nepal.de\/wp-content\/uploads\/2025\/02\/2-2.jpg\" data-src=\"https:\/\/www.fair-trekking-nepal.de\/wp-content\/uploads\/2025\/02\/2-2.jpg\" data-caption=\"\" srcset=\"https:\/\/www.fair-trekking-nepal.de\/wp-content\/uploads\/2025\/02\/2-2.jpg 800w, https:\/\/www.fair-trekking-nepal.de\/wp-content\/uploads\/2025\/02\/2-2-300x200.jpg 300w, https:\/\/www.fair-trekking-nepal.de\/wp-content\/uploads\/2025\/02\/2-2-768x512.jpg 768w\" sizes=\"(max-width: 800px) 100vw, 800px\" \/>\n\t\t<div class=\"figc no-description\">\n\t\t\t<div class=\"figc-inner\">\n\t\t\t\t\t\t\t\t\t\t\t\t\t\t\t<\/div>\n\t\t<\/div>\n\n\t<\/div>\n\n<\/div><div class=\"modula-item effect-pufrobo\" >\n\t<div class=\"modula-item-overlay\"><\/div>\n\n\t<div class=\"modula-item-content\">\n\n\t\t\t\t\n\t\t\t\t\t<a data-image-id=\"990\" role=\"button\" tabindex=\"0\" rel=\"jtg-987\" data-caption=\"\" aria-label=\"Open image in lightbox\" class=\"tile-inner modula-item-link\"><\/a>\n\t\t\n\t\t<img class=\"pic wp-image-990\"  data-valign=\"middle\" data-halign=\"center\" alt=\"\" data-full=\"https:\/\/www.fair-trekking-nepal.de\/wp-content\/uploads\/2025\/02\/3-2.jpg\" title=\"3\" width=\"800\" height=\"533\" src=\"https:\/\/www.fair-trekking-nepal.de\/wp-content\/uploads\/2025\/02\/3-2.jpg\" data-src=\"https:\/\/www.fair-trekking-nepal.de\/wp-content\/uploads\/2025\/02\/3-2.jpg\" data-caption=\"\" srcset=\"https:\/\/www.fair-trekking-nepal.de\/wp-content\/uploads\/2025\/02\/3-2.jpg 800w, https:\/\/www.fair-trekking-nepal.de\/wp-content\/uploads\/2025\/02\/3-2-300x200.jpg 300w, https:\/\/www.fair-trekking-nepal.de\/wp-content\/uploads\/2025\/02\/3-2-768x512.jpg 768w\" sizes=\"(max-width: 800px) 100vw, 800px\" \/>\n\t\t<div class=\"figc no-description\">\n\t\t\t<div class=\"figc-inner\">\n\t\t\t\t\t\t\t\t\t\t\t\t\t\t\t<\/div>\n\t\t<\/div>\n\n\t<\/div>\n\n<\/div>\t\t\n\t<\/div>\n\n\t\n\t\n\t<script type=\"application\/ld+json\">\n\t{\n\t\t\"@context\": \"http:\/\/schema.org\",\n\t\t\"@type\"   : \"ImageGallery\",\n\t\t\"id\"      : \"https:\/\/www.fair-trekking-nepal.de\/?page_id=371\/\",\n\t\t\"url\"     : \"https:\/\/www.fair-trekking-nepal.de\/?page_id=371\/\"\n\t}\n\n\t<\/script>\n\n\t\n<\/div>\n\n\n\n<h5 class=\"wp-block-heading\">Dauer: 18 Tage<\/h5>\n\n\n\n<p>Trekking f\u00fcr ausdauernde Geher von Kathmandu nach Kyanjin Gompa im Langtang Nationalpark . Bei diesem Trekking starten wir im Au\u00dfenbezirk von Kathmandu &#8211; in Sundarial auf 1460m. \u00dcber \u00fcppige Bergw\u00e4lder und aussichtsreiche Bergk\u00e4mme geht es den Eisriesen des Himalaya entgegen. Das komfortable Lodge Trekking erfordert einiges an Ausdauer, geht es doch \u00fcber den 4610m hohen Lauribina Pass zu den heiligen Seen von Gosaikund. Beim Abstieg ins Langtang Tal haben wir beste Ausblicke auf den Manaslu, den Ganesh Himal und die Lang Tang Range. Der Langtang Nationalpark ist ber\u00fchmt f\u00fcr seine au\u00dfergew\u00f6hnlich vielf\u00e4ltige Flora und Fauna. In den urwald\u00e4hnlichen W\u00e4ldern gibt es ausgedehnte Bambusbest\u00e4nde und unz\u00e4hlige Rhododendronb\u00e4ume. Auf den riesigen Laubb\u00e4umen leben f\u00fcnf verschiedene Affenarten. Das schrillste aber sind die bunten Vogelarten, die uns bis weit ins Tal hinein t\u00e4glich begegnen. Weiter oben ist der Wald weniger \u00fcppig. Daf\u00fcr kann man an den Bergh\u00e4ngen die Himalaya Hirsche beobachten.<\/p>\n\n\n\n<h5 class=\"wp-block-heading\">Ablauf<\/h5>\n\n\n\n<p>1. Tag: Abreise in Deutschland<br>2. Tag: Ankunft in Kathmandu &#8211; \u00dcbernachtung im Hotel (1360m)<br>3. Tag: Fahrt nach Sundarial und Aufstieg nach Chisapani (2215m)<br>4. Tag:&nbsp;Chisapani &#8211; Kutumsang (2470m)<br>5. Tag: Trekking nach Thadepati Pass (3690m)<br>6. Tag: Trekking nach Phedi (3630m)<br>7. Tag: \u00dcber den Laurebina Pass (4610m) nach Gosaikund, weiter nach Laurebina (3910m)<br>8. Tag: Abstieg nach Thulo Syabru &#8211; Hotel (2210m)<br>9. Tag: Trekking nach Rimche (2400m)<br>10. Tag: Trekking nach Langtang (3430m)<br>11. Tag: Trekking nach Kyanjin Gumpa (3830m)<br>12. Tag: Rasttag in Kyanjin Gumpa \u2013 Besichtigungen (3830m)<br>13. Tag: Besteigung des Tsergo Ri 5000m, neben vielen sechs- und sieben Tausendern hat man einen fantastischen Blick    auf den 8000er Shisha Pagma in nur 15 km Entfernung in Tibet<br>14. Tag: Abstieg nach Rimsche<br>15. Tag:&nbsp;Abstieg nach Syabruesi &#8211; Hotel<br>16. Tag: R\u00fcckfahrt nach Kathmandu &#8211; \u00dcbernachtung im Hotel (1360m)<br>17. Tag: Freie Zeit in Kathmandu &#8211; \u00dcbernachtung im Hotel (1360m)<br>18. Tag: Abflug nach Deutschland<br>&nbsp;<\/p>\n\n\n\n<h5 class=\"wp-block-heading\">Anforderung Schwierigkeit<\/h5>\n\n\n<div class=\"wp-block-image\">\n<figure class=\"alignleft size-full\"><img decoding=\"async\" loading=\"lazy\" width=\"400\" height=\"66\" src=\"https:\/\/www.fair-trekking-nepal.de\/wp-content\/uploads\/2026\/01\/difficulty_2-3.png\" alt=\"\" class=\"wp-image-1139\" srcset=\"https:\/\/www.fair-trekking-nepal.de\/wp-content\/uploads\/2026\/01\/difficulty_2-3.png 400w, https:\/\/www.fair-trekking-nepal.de\/wp-content\/uploads\/2026\/01\/difficulty_2-3-300x50.png 300w\" sizes=\"(max-width: 400px) 100vw, 400px\" \/><\/figure><\/div>\n\n\n<p><\/p>\n\n\n\n<br><br>\n\n\n\n<p><strong>2<\/strong> = Aufstieg in H\u00f6hen \u00fcber 4000m. Teilweise schmale Bergpfade erfordern Trittsicherheit. F\u00fcr Tagesetappen von bis zu 7 Stunden ist eine gute Ausdauer erforderlich. Die Besteigung des Tsergo Ri (5000m) ist f\u00fcr konditionsstarke Geher kein Problem.<\/p>\n\n\n\n<h5 class=\"wp-block-heading\">Unsere Leistungen<\/h5>\n\n\n\n<ul>\n<li>Transfer vom und zum Flughafen Kathmandu<\/li>\n\n\n\n<li>Drei \u00dcbernachtungen in einem Hotel in Kathmandu &#8211; dreimal Halbpension<\/li>\n\n\n\n<li>Betreuung w\u00e4hrend der gesamten Trekking-Tour durch unsere erfahrenen Trekking-Guides<\/li>\n\n\n\n<li>Langtang Nationalparkgeb\u00fchr<\/li>\n\n\n\n<li>Zwei \u00dcbernachtungen im Hotel beim Trekking<\/li>\n\n\n\n<li>Zehn \u00dcbernachtungen in einer Lodge beim Trekking<\/li>\n\n\n\n<li>Fahrt nach Sundarial mit Bus oder Jeep<\/li>\n\n\n\n<li>Fahrt von Syabrubesi mit Bus oder Jeep nach Kathmandu<\/li>\n\n\n\n<li>Gep\u00e4cktransport w\u00e4hrend des Trekkings durch unsere Tr\u00e4ger &#8211; max. 18 kg pro Person<\/li>\n\n\n\n<li>Vollpension w\u00e4hrend des gesamten Trekkings<ul><li>Fr\u00fchst\u00fcck mit Kaffee, Tee oder hei\u00dfem Wasser<\/li><\/ul>\n<ul>\n<li>Mittagessen mit Tee oder hei\u00dfem Wasser<\/li>\n\n\n\n<li>Abendessen mit Tee oder hei\u00dfem Wasser<\/li>\n\n\n\n<li>Insgesamt 3-4 Liter Tee \/ hei\u00dfes Wasser pro Person und Tag<\/li>\n<\/ul>\n<\/li>\n<\/ul>\n\n\n\n<h5 class=\"wp-block-heading\">Nicht in den Leistungen enthalten<\/h5>\n\n\n\n<ul>\n<li>Flaschenwasser, Softdrinks , Bier und Nachtisch<\/li>\n\n\n\n<li>Zus\u00e4tzliche Verpflegung (Energieriegel, Schokolade, etc.)<\/li>\n\n\n\n<li>Visum ca. 50$ \/ Trinkgelder ca. 80\u20ac<\/li>\n<\/ul>\n\n\n\n<h5 class=\"wp-block-heading\">Termine 2026<\/h5>\n\n\n\n<p>30.03. &#8211; 16.04.<br>03.04. &#8211; 20.04.<br>25.05. &#8211; 11.06.<\/p>\n\n\n\n<h5 class=\"wp-block-heading\">Preis ohne Flug<\/h5>\n\n\n\n<p>Pro Person: <strong>1790 \u20ac <\/strong>(Durchf\u00fchrung ab 3 Personen)<\/p>\n","protected":false},"excerpt":{"rendered":"<p>Dauer: 18 Tage Trekking f\u00fcr ausdauernde Geher von Kathmandu nach Kyanjin Gompa im Langtang Nationalpark . Bei diesem Trekking starten<\/p>\n","protected":false},"author":1,"featured_media":0,"parent":15,"menu_order":0,"comment_status":"closed","ping_status":"closed","template":"","meta":{"ngg_post_thumbnail":0},"_links":{"self":[{"href":"https:\/\/www.fair-trekking-nepal.de\/index.php?rest_route=\/wp\/v2\/pages\/371"}],"collection":[{"href":"https:\/\/www.fair-trekking-nepal.de\/index.php?rest_route=\/wp\/v2\/pages"}],"about":[{"href":"https:\/\/www.fair-trekking-nepal.de\/index.php?rest_route=\/wp\/v2\/types\/page"}],"author":[{"embeddable":true,"href":"https:\/\/www.fair-trekking-nepal.de\/index.php?rest_route=\/wp\/v2\/users\/1"}],"replies":[{"embeddable":true,"href":"https:\/\/www.fair-trekking-nepal.de\/index.php?rest_route=%2Fwp%2Fv2%2Fcomments&post=371"}],"version-history":[{"count":31,"href":"https:\/\/www.fair-trekking-nepal.de\/index.php?rest_route=\/wp\/v2\/pages\/371\/revisions"}],"predecessor-version":[{"id":1157,"href":"https:\/\/www.fair-trekking-nepal.de\/index.php?rest_route=\/wp\/v2\/pages\/371\/revisions\/1157"}],"up":[{"embeddable":true,"href":"https:\/\/www.fair-trekking-nepal.de\/index.php?rest_route=\/wp\/v2\/pages\/15"}],"wp:attachment":[{"href":"https:\/\/www.fair-trekking-nepal.de\/index.php?rest_route=%2Fwp%2Fv2%2Fmedia&parent=371"}],"curies":[{"name":"wp","href":"https:\/\/api.w.org\/{rel}","templated":true}]}}