{"id":397,"date":"2023-01-09T18:42:16","date_gmt":"2023-01-09T16:42:16","guid":{"rendered":"http:\/\/www.fair-trekking-nepal.de\/?page_id=397"},"modified":"2026-01-23T08:56:57","modified_gmt":"2026-01-23T06:56:57","slug":"trekking-im-everest-gebiet-mit-besteigung-gokyo-ri-5350m","status":"publish","type":"page","link":"https:\/\/www.fair-trekking-nepal.de\/?page_id=397","title":{"rendered":"Trekking im Everest Gebiet mit Besteigung Gokyo Ri (5350m)"},"content":{"rendered":"\nngg_shortcode_0_placeholder\n\n\n\n<h5 class=\"wp-block-heading\">Dauer: 16 Tage<\/h5>\n\n\n\n<p>Trekking f\u00fcr Bergsteiger ins Herzst\u00fcck des Kumbu-Gebiets. H\u00f6hepunkt ist die Besteigung des top Aussichtsberges Gokyo Ri (5350m). Mount Everest, Lhotse und Makalu reihen sich auf. Im Norden dominiert der Cho Ohu mit seiner<br>m\u00e4chtigen S\u00fcdwand das Geschehen. Der Blick vom Gokyo Ri ist einer der spektakul\u00e4rsten des gesamten Everest-Gebiets. Manche behaupten, er sei beeindruckender als der vom Kala Patthar. In jedem Fall geh\u00f6rt er zu den sch\u00f6nsten Aussichts-F\u00fcnftausendern im Everest-Gebiet. Das Trekking beginnt in Bupsa und f\u00fchrt gem\u00e4chlich durch beschauliche Sherpa D\u00f6rfer den Eisriesen des Kumbu Gebietes entgegen. Wir meiden die \u00fcberf\u00fcllte Hauptroute zum Everest<br>Base Camp so gut es geht, und treffen erst in Phakding auf diese. Bereits am \u00fcbern\u00e4chsten Tag verlassen wir auf dem Weg nach Lhabarma die Hauptroute wieder, und biegen in das wesentlich weniger frequentierte Gokyo Valley ein. Am<br>neunten Trekkingtag besteigen wir bestens akklimatisiert den Gokyo Ri. Zwei Tage R\u00fcckmarsch bringen uns nach Lukla von wo aus wir am n\u00e4chsten Tag nach Kathmandu zur\u00fcckfliegen.<\/p>\n\n\n\n<h5 class=\"wp-block-heading\">Ablauf<\/h5>\n\n\n\n<p>1. Tag: Abreise in Deutschland<br>2. Tag: Ankunft in Kathmandu &#8211; \u00dcbernachtung im Hotel (1360m)<br>3. Tag: Freizeit in Kathmandu &#8211; \u00dcbernachtung im Hotel (1360m)<br>4. Tag:&nbsp;Fahrt nach Phaplu (2468m)<br>5. Tag: Trekking nach Nunthala (2194m)<br>6. Tag: Trekking nach Bupsa 2300m<br>7. Tag: Trekking nach  Surke 2310m<br>8. Tag: Trekking nach Phakding 2650m<br>9. Tag: Trekking nachNamche Basar 3440m<br>10. Tag: Trekking nach Lhabarma 4290m<br>11. Tag: Trekking nach Gokyo 4740m<br>12. Tag: Besteigung des Gokyo Ri (5350m) und Abstieg nach Lhabarma (4290m)<br>13. Tag: Trekking nach Namche Basar 3440m<br>14. Tag: Trekking nach Lukla 2800m<br>15. Tag: R\u00fcckflug nach Kathmandu (1360m) &#8211; Hotel<br>16. Tag:&nbsp;Abflug nach Deutschland<\/p>\n\n\n\n<h5 class=\"wp-block-heading\">Anforderung Schwierigkeit<\/h5>\n\n\n\n<figure class=\"wp-block-image size-full\"><img decoding=\"async\" loading=\"lazy\" width=\"400\" height=\"66\" src=\"https:\/\/www.fair-trekking-nepal.de\/wp-content\/uploads\/2026\/01\/difficulty_2-2.png\" alt=\"\" class=\"wp-image-1131\" srcset=\"https:\/\/www.fair-trekking-nepal.de\/wp-content\/uploads\/2026\/01\/difficulty_2-2.png 400w, https:\/\/www.fair-trekking-nepal.de\/wp-content\/uploads\/2026\/01\/difficulty_2-2-300x50.png 300w\" sizes=\"(max-width: 400px) 100vw, 400px\" \/><\/figure>\n\n\n\n<p><strong>2<\/strong> = Aufstieg in H\u00f6hen \u00fcber 5000m. Teilweise schmale Bergpfade erfodern Trittsicherheit. F\u00fcr Tagesetappen von 6-8 Stunden ist eine gute Ausdauer erforderlich. Die Besteigung des Gokyo Ri (5350m) ist f\u00fcr konditionsstarke Geher kein Problem.<\/p>\n\n\n\n<p><\/p>\n\n\n\n<p><\/p>\n\n\n\n<h5 class=\"wp-block-heading\">Unsere Leistungen<\/h5>\n\n\n\n<ul>\n<li>Transfer vom und zum Flughafen Kathmandu<\/li>\n\n\n\n<li>Drei \u00dcbernachtungen in einem Hotel in Kathmandu &#8211; dreimal Halbpension<\/li>\n\n\n\n<li>Betreuung w\u00e4hrend der gesamten Trekking-Tour durch unsere erfahrenen Trekking-Guides<\/li>\n\n\n\n<li>Nationalparkgeb\u00fchren f\u00fcr den Everest Nationalpark<\/li>\n\n\n\n<li>Elf \u00dcbernachtungen in Lodges beim Trekking<\/li>\n\n\n\n<li>Fahrt nach Phaplu mit dem Jeep<\/li>\n\n\n\n<li>Flug von Lukla nach Kathmandu<\/li>\n\n\n\n<li>Gep\u00e4cktransport w\u00e4hrend des Trekkings durch unsere Tr\u00e4ger &#8211; max. 18 kg pro Person<\/li>\n\n\n\n<li>Vollpension w\u00e4hrend des gesamten Trekkings\n<ul>\n<li>Fr\u00fchst\u00fcck mit Kaffee, Tee oder hei\u00dfem Wasser<\/li>\n\n\n\n<li>Abendessen mit Tee oder hei\u00dfem Wasser<\/li>\n\n\n\n<li>Insgesamt 3-4 Liter Tee \/ hei\u00dfes Wasser pro Person und Tag<\/li>\n<\/ul>\n<\/li>\n<\/ul>\n\n\n\n<h5 class=\"wp-block-heading\">Nicht in den Leistungen enthalten<\/h5>\n\n\n\n<ul>\n<li>Flaschenwasser, Softdrinks , Bier und Nachtisch<\/li>\n\n\n\n<li>Zus\u00e4tzliche Verpflegung (Energieriegel, Schokolade, etc.)<\/li>\n\n\n\n<li>Visum ca. 50$ \/ Trinkgelder ca. 100\u20ac<\/li>\n<\/ul>\n\n\n\n<h5 class=\"wp-block-heading\">Termine 2026<\/h5>\n\n\n\n11.04. &#8211; 26.04.<br>20.10. &#8211; 04.11.\n\n\n\n<h5 class=\"wp-block-heading\">Preis ohne Flug<\/h5>\n\n\n\n<p><strong>1875\u20ac <\/strong>(pro Person, Durchf\u00fchrung ab 3 Personen)<\/p>\n","protected":false},"excerpt":{"rendered":"<p>Dauer: 16 Tage Trekking f\u00fcr Bergsteiger ins Herzst\u00fcck des Kumbu-Gebiets. H\u00f6hepunkt ist die Besteigung des top Aussichtsberges Gokyo Ri (5350m).<\/p>\n","protected":false},"author":1,"featured_media":0,"parent":15,"menu_order":0,"comment_status":"closed","ping_status":"closed","template":"","meta":{"ngg_post_thumbnail":0},"_links":{"self":[{"href":"https:\/\/www.fair-trekking-nepal.de\/index.php?rest_route=\/wp\/v2\/pages\/397"}],"collection":[{"href":"https:\/\/www.fair-trekking-nepal.de\/index.php?rest_route=\/wp\/v2\/pages"}],"about":[{"href":"https:\/\/www.fair-trekking-nepal.de\/index.php?rest_route=\/wp\/v2\/types\/page"}],"author":[{"embeddable":true,"href":"https:\/\/www.fair-trekking-nepal.de\/index.php?rest_route=\/wp\/v2\/users\/1"}],"replies":[{"embeddable":true,"href":"https:\/\/www.fair-trekking-nepal.de\/index.php?rest_route=%2Fwp%2Fv2%2Fcomments&post=397"}],"version-history":[{"count":30,"href":"https:\/\/www.fair-trekking-nepal.de\/index.php?rest_route=\/wp\/v2\/pages\/397\/revisions"}],"predecessor-version":[{"id":1174,"href":"https:\/\/www.fair-trekking-nepal.de\/index.php?rest_route=\/wp\/v2\/pages\/397\/revisions\/1174"}],"up":[{"embeddable":true,"href":"https:\/\/www.fair-trekking-nepal.de\/index.php?rest_route=\/wp\/v2\/pages\/15"}],"wp:attachment":[{"href":"https:\/\/www.fair-trekking-nepal.de\/index.php?rest_route=%2Fwp%2Fv2%2Fmedia&parent=397"}],"curies":[{"name":"wp","href":"https:\/\/api.w.org\/{rel}","templated":true}]}}