{"id":4,"date":"2017-10-18T13:50:50","date_gmt":"2017-10-18T13:50:50","guid":{"rendered":"http:\/\/fairtrekkingnepal.heinemann-it.de\/?page_id=4"},"modified":"2020-01-08T22:45:31","modified_gmt":"2020-01-08T20:45:31","slug":"philosophie","status":"publish","type":"page","link":"https:\/\/www.fair-trekking-nepal.de\/?page_id=4","title":{"rendered":"Philosophie"},"content":{"rendered":"<p style=\"text-align: left;\"><strong>Unsere Philosophie leitet sich aus unserem Namen her. Oder anders herum unser Name ist uns Philosophie. Fairness bedeutet f\u00fcr uns einerseits eine gerechte Behandlung unserer Tr\u00e4ger. Sie n\u00e4mlich haben den h\u00e4rtesten Job bei der Durchf\u00fchrung einer Trekkingtour. Die bei uns von einem Tr\u00e4ger zu \u00fcbernehmende Last betr\u00e4gt maximal 25 kg. Dies bedeutet f\u00fcr die Tr\u00e4ger dass sie sich nicht von Rastpunkt zu Rastpunkt schleppen m\u00fcssen, um ihren gekr\u00fcmmten R\u00fccken auszuruhen, sondern dass diese bestens im Tragen von Lasten trainierten Menschen aufrecht und mit Freuden uns bei unseren Touren begleiten. Selbstverst\u00e4ndlich bezahlen wir den gleichen in Nepal gesetzlich festgelegten Lohn.<\/strong><\/p>\n<p style=\"text-align: left;\"><strong>Fairness andererseits bedeutet dass wir unsere Touren an den Bed\u00fcrfnissen unserer G\u00e4ste ausrichten und dabei oberste Priorit\u00e4t auf einen hohen Erlebniswert setzen. Die H\u00f6henanpassung ist bei einer Trekkingtour in Nepal der entscheidende Faktor. Dementsprechend planen wir behutsame Anstiege, denn nur wenn Sie sich wohlf\u00fchlen k\u00f6nne Sie eine Tour auch genie\u00dfen und die Bergwelt Nepals voll in sich aufnehmen.<\/strong><\/p>\n<p style=\"text-align: left;\"><strong>Der partnerschaftliche Umgang mit den Menschen vor Ort &nbsp;ist die dritte S\u00e4ule in unserer Philosophie. Wir begegnen&nbsp; diesen freundlichen Menschen mit Offenheit und behandeln sie einfach ebenb\u00fcrtig. Die Gastfreundschaft in den Lodges die uns die Menschen daf\u00fcr entgegenbringen gibt uns das Gef\u00fchl wirklich willkommen zu sein.<\/strong><\/p>\n","protected":false},"excerpt":{"rendered":"<p>Unsere Philosophie leitet sich aus unserem Namen her. Oder anders herum unser Name ist uns Philosophie. Fairness bedeutet f\u00fcr uns<\/p>\n","protected":false},"author":1,"featured_media":0,"parent":0,"menu_order":20,"comment_status":"closed","ping_status":"closed","template":"","meta":{"ngg_post_thumbnail":0},"_links":{"self":[{"href":"https:\/\/www.fair-trekking-nepal.de\/index.php?rest_route=\/wp\/v2\/pages\/4"}],"collection":[{"href":"https:\/\/www.fair-trekking-nepal.de\/index.php?rest_route=\/wp\/v2\/pages"}],"about":[{"href":"https:\/\/www.fair-trekking-nepal.de\/index.php?rest_route=\/wp\/v2\/types\/page"}],"author":[{"embeddable":true,"href":"https:\/\/www.fair-trekking-nepal.de\/index.php?rest_route=\/wp\/v2\/users\/1"}],"replies":[{"embeddable":true,"href":"https:\/\/www.fair-trekking-nepal.de\/index.php?rest_route=%2Fwp%2Fv2%2Fcomments&post=4"}],"version-history":[{"count":5,"href":"https:\/\/www.fair-trekking-nepal.de\/index.php?rest_route=\/wp\/v2\/pages\/4\/revisions"}],"predecessor-version":[{"id":294,"href":"https:\/\/www.fair-trekking-nepal.de\/index.php?rest_route=\/wp\/v2\/pages\/4\/revisions\/294"}],"wp:attachment":[{"href":"https:\/\/www.fair-trekking-nepal.de\/index.php?rest_route=%2Fwp%2Fv2%2Fmedia&parent=4"}],"curies":[{"name":"wp","href":"https:\/\/api.w.org\/{rel}","templated":true}]}}