{"id":402,"date":"2023-01-09T18:42:09","date_gmt":"2023-01-09T16:42:09","guid":{"rendered":"http:\/\/www.fair-trekking-nepal.de\/?page_id=402"},"modified":"2026-02-08T20:37:16","modified_gmt":"2026-02-08T18:37:16","slug":"durchs-hinku-tal-zum-mera-peak-2","status":"publish","type":"page","link":"https:\/\/www.fair-trekking-nepal.de\/?page_id=402","title":{"rendered":"Durchs Hinku \u2013 Tal zum Mera Peak"},"content":{"rendered":"\n<h4 class=\"wp-block-heading\">Trekking-Tour ins einsame Hinku-Tal und Besteigung des Mera Peak (6461m) f\u00fcr erfahrene und ausdauernde Bergsteiger<\/h4>\n\n\n\nngg_shortcode_0_placeholder\n\n\n\n<h5 class=\"wp-block-heading\">Dauer: 21 Tage<\/h5>\n\n\n\n<p>Der Mera Peak ist technisch nicht schwierig, aber die H\u00f6he von knapp 6500m ist allein f\u00fcr sich eine Herausforderung. Daf\u00fcr stehen wir am Gipfel dann auf der \u201cbesten Aussichtsplattform Nepals\u201c. Auf diesem Trekking starten wir in Phaplu auf 2470m. Durch \u00fcppige Bergw\u00e4lder und aussichtsreiche Bergr\u00fccken geht es zu den Eisriesen des Himalaya. \u00dcber den Panggom La erreichen wir das Hinku-Tal. Von dort geht es in mehreren Tagesetappen hinauf nach Khare und zum<br>Hochlager am Mera Peak. Vom Gipfel haben wir einen fantastischen Blick auf die 8000er Kanchenjunga, Makalu, Lhotse, Cho Ohyo und nat\u00fcrlich den Mount Everest. Nach dem Gipfel steigen wir direkt wieder nach Khare ab. Nach weiteren drei Tagen erreichen wir \u00fcber den Zatrwa La Lukla. Von Lukla fliegen wir am n\u00e4chsten Tag zur\u00fcck nach Kathmandu.<\/p>\n\n\n\n<h5 class=\"wp-block-heading\">Ablauf<\/h5>\n\n\n\n<p>1. Tag: Abreise in Deutschland<br>2. Tag: Ankunft in Kathmandu &#8211; \u00dcbernachtung im Hotel (1360m)<br>3. Tag: Fahrt nach Phaplu (2468m)<br>4. Tag:&nbsp;Trekking nach Nunthala (2194m)<br>5. Tag: Trekking nach Bupsa (2300m)<br>6. Tag: Trekking nach Sibuje (2850m)<br>7. Tag: Trekking nach Chhatrakhola (3100m)<br>8. Tag: Trekking nach Kothe (3690m)<br>9. Tag: Akklimatisationstag in Kothe (3690m)<br>10. Tag: Trekking nach Tangnang (4360m)<br>11. Tag: Akklimatisationstag Tangnang (4360m)<br>12. Tag: Trekking nach Khare (5050m)<br>13. Tag: Akklimatisationstag Khare (5050m)<br>14. Tag: Aufstieg zum Hochlager am Mera Peak (5800m)<br>15. Tag:&nbsp;Aufstieg zum Mera Peak (6461m) und Abstieg nach Khare (5050m)<br>16. Tag: Reservetag Mera Peak<br>17. Tag: Abstieg nach Kothe (3690m)<br>18. Tag: \u00dcber Zatrwa La (4580m) nach Lukla (2800m)<br>19. Tag: R\u00fcckflug Kathmandu &#8211; \u00dcbernachtung im Hotel (1360m)<br>20. Tag: Freie Zeit in Kathmandu &#8211; \u00dcbernachtung im Hotel (1360m)  <br>21. Tag: Abreise in Kathmandu <\/p>\n\n\n\n<h5 class=\"wp-block-heading\">Anforderung Schwierigkeit<\/h5>\n\n\n\n<figure class=\"wp-block-image size-full\"><img decoding=\"async\" loading=\"lazy\" width=\"400\" height=\"66\" src=\"https:\/\/www.fair-trekking-nepal.de\/wp-content\/uploads\/2026\/01\/difficulty_4-2.png\" alt=\"\" class=\"wp-image-1121\" srcset=\"https:\/\/www.fair-trekking-nepal.de\/wp-content\/uploads\/2026\/01\/difficulty_4-2.png 400w, https:\/\/www.fair-trekking-nepal.de\/wp-content\/uploads\/2026\/01\/difficulty_4-2-300x50.png 300w\" sizes=\"(max-width: 400px) 100vw, 400px\" \/><\/figure>\n\n\n\n<p><strong>4<\/strong> = Aufstieg in gr\u00f6\u00dfere H\u00f6hen bis \u00fcber 6000m. Ausdauer und Trittsicherheit auf teilweise schmalen Bergpfaden pr\u00e4gen den Anmarsch zum Mera Peak. Gehzeiten von 6-8h t\u00e4glich erfordern eine gute Kondition und Akklimatisierung. Der Gipfelanstieg erfordert sicheres Gehen mit Steigeisen im bis zu 30\u00b0-steilen Gel\u00e4nde. Die letzten steileren Meter werden vom Climbing Sherpa mit einem Fixseil abgesichert.<\/p>\n\n\n\n<h5 class=\"wp-block-heading\">Unsere Leistungen<\/h5>\n\n\n\n<ul>\n<li>Transfer vom und zum Flughafen Kathmandu<\/li>\n\n\n\n<li>Drei \u00dcbernachtungen in einem Hotel in Kathmandu &#8211; dreimal Halbpension<\/li>\n\n\n\n<li>Fahrt nach Phaplu mit dem Jeep<\/li>\n\n\n\n<li>Betreuung w\u00e4hrend der gesamten Trekking-Tour durch unsere erfahrenen Trekking-Guides<\/li>\n\n\n\n<li>Climbing Guide am Mera Peak<\/li>\n\n\n\n<li>Nationalparkgeb\u00fchren f\u00fcr den Makalu-Barun Nationalpark<\/li>\n\n\n\n<li>Aufstriegspermit Mera Peak<\/li>\n\n\n\n<li>Dreizehn \u00dcbernachtungen in einer Lodge beim Trekking<\/li>\n\n\n\n<li>Eine \u00dcbernachtungen im Zelt (zwei bei zweitem Gipfelversuch)<\/li>\n\n\n\n<li>Satellitentelefon und medizinischer Sauerstoff ab Khare<\/li>\n\n\n\n<li>Gep\u00e4cktransport w\u00e4hrend des Trekkings durch unsere Tr\u00e4ger &#8211; max. 18 kg pro Person<\/li>\n\n\n\n<li>Geh- und Fixseile f\u00fcr Mera Peak<\/li>\n\n\n\n<li>R\u00fcckflug nach Kathmandu<\/li>\n\n\n\n<li>Vollpension w\u00e4hrend des gesamten Trekkings\n<ul>\n<li>Fr\u00fchst\u00fcck mit Kaffee, Tee oder hei\u00dfem Wasser<\/li>\n\n\n\n<li>Mittagessen mit Tee oder hei\u00dfem Wasser<\/li>\n\n\n\n<li>Abendessen mit Tee oder hei\u00dfem Wasser<\/li>\n\n\n\n<li>Insgesamt 3-4 Liter Tee \/ hei\u00dfes Wasser pro Person und Tag<\/li>\n<\/ul>\n<\/li>\n<\/ul>\n\n\n\n<h5 class=\"wp-block-heading\">Nicht in den Leistungen enthalten<\/h5>\n\n\n\n<ul>\n<li>Flaschenwasser, Softdrinks , Bier und Nachtisch<\/li>\n\n\n\n<li>Zus\u00e4tzliche Verpflegung (Energieriegel, Schokolade, etc.)<\/li>\n\n\n\n<li>Visum ca. 50$ \/ Trinkgelder ca. 100\u20ac<\/li>\n<\/ul>\n\n\n\n<h5 class=\"wp-block-heading\">Termin 2026<\/h5>\n\n\n\n18.10. &#8211; 07.11. (<span style=\"color: #4f7a28;font-weight:bold;\">Buchungen vorhanden<\/span>)\n\n\n\n<h5 class=\"wp-block-heading\">Preis ohne Flug<\/h5>\n\n\n\n<p>Pro Person: <strong>3245 \u20ac <\/strong>(Durchf\u00fchrung ab 3 Personen)<br>Ab 6-9 Personen: <strong>2990 \u20ac<\/strong><\/p>\n","protected":false},"excerpt":{"rendered":"<p>Trekking-Tour ins einsame Hinku-Tal und Besteigung des Mera Peak (6461m) f\u00fcr erfahrene und ausdauernde Bergsteiger Dauer: 21 Tage Der Mera<\/p>\n","protected":false},"author":1,"featured_media":0,"parent":15,"menu_order":0,"comment_status":"closed","ping_status":"closed","template":"","meta":{"ngg_post_thumbnail":0},"_links":{"self":[{"href":"https:\/\/www.fair-trekking-nepal.de\/index.php?rest_route=\/wp\/v2\/pages\/402"}],"collection":[{"href":"https:\/\/www.fair-trekking-nepal.de\/index.php?rest_route=\/wp\/v2\/pages"}],"about":[{"href":"https:\/\/www.fair-trekking-nepal.de\/index.php?rest_route=\/wp\/v2\/types\/page"}],"author":[{"embeddable":true,"href":"https:\/\/www.fair-trekking-nepal.de\/index.php?rest_route=\/wp\/v2\/users\/1"}],"replies":[{"embeddable":true,"href":"https:\/\/www.fair-trekking-nepal.de\/index.php?rest_route=%2Fwp%2Fv2%2Fcomments&post=402"}],"version-history":[{"count":63,"href":"https:\/\/www.fair-trekking-nepal.de\/index.php?rest_route=\/wp\/v2\/pages\/402\/revisions"}],"predecessor-version":[{"id":1194,"href":"https:\/\/www.fair-trekking-nepal.de\/index.php?rest_route=\/wp\/v2\/pages\/402\/revisions\/1194"}],"up":[{"embeddable":true,"href":"https:\/\/www.fair-trekking-nepal.de\/index.php?rest_route=\/wp\/v2\/pages\/15"}],"wp:attachment":[{"href":"https:\/\/www.fair-trekking-nepal.de\/index.php?rest_route=%2Fwp%2Fv2%2Fmedia&parent=402"}],"curies":[{"name":"wp","href":"https:\/\/api.w.org\/{rel}","templated":true}]}}