{"id":409,"date":"2023-01-09T18:42:12","date_gmt":"2023-01-09T16:42:12","guid":{"rendered":"http:\/\/www.fair-trekking-nepal.de\/?page_id=409"},"modified":"2026-01-18T22:12:34","modified_gmt":"2026-01-18T20:12:34","slug":"everest-trekking-mit-besteigung-gokyo-ri-5350m-kala-patar-5545m-und-island-peak-6190m","status":"publish","type":"page","link":"https:\/\/www.fair-trekking-nepal.de\/?page_id=409","title":{"rendered":"Everest Trekking mit Besteigung Gokyo Ri (5350m), Kala Patar (5545m) und Island Peak (6190m)"},"content":{"rendered":"\n<div class=\"wp-block-columns is-layout-flex wp-container-3\">\n<div class=\"wp-block-column is-layout-flow\" style=\"flex-basis:100%\">\n<div class=\"wp-block-group is-layout-constrained\"><div class=\"wp-block-group__inner-container\">\nngg_shortcode_0_placeholder\n<\/div><\/div>\n<\/div>\n<\/div>\n\n\n\n<h5 class=\"wp-block-heading\">Dauer: 23 Tage<\/h5>\n\n\n\n<p>Trekking der Superlativen im Everest Gebiet, dem Herzst\u00fcck des Sherpa Landes. Wir meiden gr\u00f6\u00dftenteils die \u00fcberlaufenen Hauptrouten ins Everest Base Camp und \u00fcberqueren daf\u00fcr zwei hohe P\u00e4sse mit exzellenten<br>Aussichtsm\u00f6glichkeiten auf die h\u00f6chsten Berge in der Everest Region. Nat\u00fcrlich mehrfach auch auf den Everest selbst.<br>Nach den Besteigungen von Gokyo Ri 5350m und Kalapatar 5545m wird die Besteigung des begehrten 6190m hohen Island Peak zur ultimativen Herausforderung. Zum Ausklang wird der Besuch des Sherpa-Klosters Tengboche zu einem weiteren kulturellen Highlight.<\/p>\n\n\n\n<h5 class=\"wp-block-heading\">Ablauf<\/h5>\n\n\n\n<p>1. Tag: Abreise in Deutschland<br>2. Tag: Ankunft in Kathmandu &#8211; \u00dcbernachtung im Hotel (1360m)<br>3. Tag: Flug nach Lukla (2840m) und Trekking nach Phakding (2640m)<br>4. Tag:&nbsp;Phakding &#8211; Namche Bazar (3440m)<br>5. Tag: Akklimatisationstag in Namche Bazar (3440m)<br>6. Tag: Namche Bazar &#8211; Thame Og (3800m)<br>7. Tag: Thame Og &#8211; Khumjung (3850m)<br>8. Tag: Khumjung &#8211; Lhabarma (4350m)<br>9. Tag: Lhabarma &#8211; Gokyo (4740m)<br>10. Tag: Besteigung des  Gokyo Ri (5350m) und Abstieg nach Dragnag<br>11. Tag: Trekking von Dragnag \u00fcber den Cho La (5420m) nach Dzongla (4840m)<br>12. Tag: Trekking von Dzongla \u00fcber Lobuche (4930m) nach Gorakshep (5160m)<br>13. Tag: Besteigung Kala Pattar (5545m) und Abstieg nach Lobuche (4930m)<br>14. Tag: Trekking von Lobuche \u00fcber den Khongma La (5545m) nach Chukung (4730m)<br>15. Tag:&nbsp;Trekking von Chukung zum Island Peak Basislager (5100m)<br>16. Tag: Besteigung Island Peak (6190m) und Abstieg nach Chukung (4730m)<br>17. Tag: Reservetag Island Peak<br>18. Tag: Trekking von Chukung nach Tengboche (3840m)<br>19. Tag: Trekking von Tengboche nach Monjo (2850m)  <br>20. Tag: Trekking von Monjo nach Lukla (2840m)  <br>21. Tag: R\u00fcckflug nach Kathmandu &#8211; \u00dcbernachtung im Hotel (1360m)<br>22. Tag: Freie Zeit in Kathmandu &#8211; \u00dcbernachtung im Hotel (1360m)<br>23. Tag: Abreise in Kathmandu<\/p>\n\n\n\n<h5 class=\"wp-block-heading\">Anforderung Schwierigkeit<\/h5>\n\n\n<div class=\"wp-block-image is-style-default\">\n<figure class=\"alignleft size-full\"><img decoding=\"async\" loading=\"lazy\" width=\"400\" height=\"66\" src=\"https:\/\/www.fair-trekking-nepal.de\/wp-content\/uploads\/2026\/01\/difficulty_4-3.png\" alt=\"\" class=\"wp-image-1123\" srcset=\"https:\/\/www.fair-trekking-nepal.de\/wp-content\/uploads\/2026\/01\/difficulty_4-3.png 400w, https:\/\/www.fair-trekking-nepal.de\/wp-content\/uploads\/2026\/01\/difficulty_4-3-300x50.png 300w\" sizes=\"(max-width: 400px) 100vw, 400px\" \/><\/figure><\/div>\n\n\n<p><\/p>\n\n\n\n<br><br>\n\n\n\n<p><\/p>\n\n\n\n<p><strong>4<\/strong> = Trittsicherheit auch auf teilweise ausgesetzten Bergpfaden. Kondition f\u00fcr 6-8 h Gehzeit t\u00e4glich. Aufstieg in H\u00f6hen \u00fcber 5000m bei den Pass\u00fcberschreitungen. Die Besteigung des Island Peaks erfordert trotz bester Akklimatisation den versierten Hochtourengeher und die Vorbereitung f\u00fcr einen gesicherten Aufstieg am Fixseil im steilen Eis bis 70\u00b0 (eine Passage vor dem Gipfel).<\/p>\n\n\n\n<h5 class=\"wp-block-heading\">Unsere Leistungen<\/h5>\n\n\n\n<ul>\n<li>Transfer vom und zum Flughafen Kathmandu<\/li>\n\n\n\n<li>Drei \u00dcbernachtungen in einem Hotel in Kathmandu &#8211; dreimal Halbpension<\/li>\n\n\n\n<li>Betreuung w\u00e4hrend der gesamten Trekking-Tour durch unsere erfahrenen Trekking-Guides<\/li>\n\n\n\n<li>Climbing Guide am Island Peak<\/li>\n\n\n\n<li>Nationalparkgeb\u00fchren f\u00fcr den Everest Nationalpark<\/li>\n\n\n\n<li>Aufstiegspermit Island Peak<\/li>\n\n\n\n<li>Siebzehn \u00dcbernachtungen in einer Lodge beim Trekking<\/li>\n\n\n\n<li>Eine \u00dcbernachtungen im Zelt (zwei bei zweitem Gipfelversuch)<\/li>\n\n\n\n<li>Gep\u00e4cktransport w\u00e4hrend des Trekkings durch unsere Tr\u00e4ger &#8211; max. 18 kg pro Person<\/li>\n\n\n\n<li>Geh- und Fixseile f\u00fcr Island Peak<\/li>\n\n\n\n<li>Flug von Kathmandu nach Lukla<\/li>\n\n\n\n<li>R\u00fcckflug von Lukla nach Kathmandu<\/li>\n\n\n\n<li>Vollpension w\u00e4hrend des gesamten Trekkings\n<ul>\n<li>Fr\u00fchst\u00fcck mit Kaffee, Tee oder hei\u00dfem Wasser<\/li>\n\n\n\n<li>Mittagessen mit Tee oder hei\u00dfem Wasser<\/li>\n\n\n\n<li>Abendessen mit Tee oder hei\u00dfem Wasser<\/li>\n\n\n\n<li>Insgesamt 3-4 Liter Tee \/ hei\u00dfes Wasser pro Person und Tag<\/li>\n<\/ul>\n<\/li>\n<\/ul>\n\n\n\n<h5 class=\"wp-block-heading\">Nicht in den Leistungen enthalten<\/h5>\n\n\n\n<ul>\n<li>Flaschenwasser, Softdrinks , Bier und Nachtisch<\/li>\n\n\n\n<li>Zus\u00e4tzliche Verpflegung (Energieriegel, Schokolade, etc.)<\/li>\n\n\n\n<li>Visum ca. 50$ \/ Trinkgelder ca. 120\u20ac<\/li>\n<\/ul>\n\n\n\n<h5 class=\"wp-block-heading\">Termine 2026<\/h5>\n\n\n\n23.04. &#8211; 15.05.<br>22.10. &#8211; 13.11.\n\n\n\n<h5 class=\"wp-block-heading\">Preis ohne Flug<\/h5>\n\n\n\n<p>Pro Person: <strong>3140 \u20ac <\/strong>(Durchf\u00fchrung ab 3 Personen)<\/p>\n\n\n\n<p><\/p>\n","protected":false},"excerpt":{"rendered":"<p>Dauer: 23 Tage Trekking der Superlativen im Everest Gebiet, dem Herzst\u00fcck des Sherpa Landes. Wir meiden gr\u00f6\u00dftenteils die \u00fcberlaufenen Hauptrouten<\/p>\n","protected":false},"author":1,"featured_media":0,"parent":15,"menu_order":0,"comment_status":"closed","ping_status":"closed","template":"","meta":{"ngg_post_thumbnail":0},"_links":{"self":[{"href":"https:\/\/www.fair-trekking-nepal.de\/index.php?rest_route=\/wp\/v2\/pages\/409"}],"collection":[{"href":"https:\/\/www.fair-trekking-nepal.de\/index.php?rest_route=\/wp\/v2\/pages"}],"about":[{"href":"https:\/\/www.fair-trekking-nepal.de\/index.php?rest_route=\/wp\/v2\/types\/page"}],"author":[{"embeddable":true,"href":"https:\/\/www.fair-trekking-nepal.de\/index.php?rest_route=\/wp\/v2\/users\/1"}],"replies":[{"embeddable":true,"href":"https:\/\/www.fair-trekking-nepal.de\/index.php?rest_route=%2Fwp%2Fv2%2Fcomments&post=409"}],"version-history":[{"count":62,"href":"https:\/\/www.fair-trekking-nepal.de\/index.php?rest_route=\/wp\/v2\/pages\/409\/revisions"}],"predecessor-version":[{"id":1151,"href":"https:\/\/www.fair-trekking-nepal.de\/index.php?rest_route=\/wp\/v2\/pages\/409\/revisions\/1151"}],"up":[{"embeddable":true,"href":"https:\/\/www.fair-trekking-nepal.de\/index.php?rest_route=\/wp\/v2\/pages\/15"}],"wp:attachment":[{"href":"https:\/\/www.fair-trekking-nepal.de\/index.php?rest_route=%2Fwp%2Fv2%2Fmedia&parent=409"}],"curies":[{"name":"wp","href":"https:\/\/api.w.org\/{rel}","templated":true}]}}