{"id":814,"date":"2024-01-11T01:23:02","date_gmt":"2024-01-10T23:23:02","guid":{"rendered":"https:\/\/www.fair-trekking-nepal.de\/?page_id=814"},"modified":"2026-01-23T08:53:47","modified_gmt":"2026-01-23T06:53:47","slug":"neu-ue50-spezial-max","status":"publish","type":"page","link":"https:\/\/www.fair-trekking-nepal.de\/?page_id=814","title":{"rendered":"\u00dc50 Spezial Max"},"content":{"rendered":"\n<h4 class=\"wp-block-heading has-text-align-center\">Genusstrekking zu den sch\u00f6nsten Aussichtspunkten im Annapurna &#8211; und Manaslu Gebiet<\/h4>\n\n\n\nngg_shortcode_0_placeholder\n\n\n\n<h5 class=\"wp-block-heading\">Dauer: 24 Tage<\/h5>\n\n\n\n<p>Unser \u00dc 50 &#8211; Programm richtet sich an Menschen, die es beim Wandern in den Bergen gem\u00fctlicher angehen lassen m\u00f6chten.&nbsp;Bei diesem Trekking kombinieren wir Komfort und maximales Naturerlebnis in zwei beliebten Himalaya Regionen. Der Auftakt ist ein Panorama Flug von Kathmandu nach Pokhara. Anschlie\u00dfend beginnt das erste Trekking zum 3630m hohen Muldai. Die Ausblicke auf die 8000er Dhaulagiri, Annapurna und Manaslu sowie den Machapuchare sind grandios.&nbsp;Zur\u00fcck im Hotel in Pokhara genie\u00dfen wir die Annehmlichkeiten der Zivilisation. Den n\u00e4chsten Tag verbringen wir in Pokhara und schlendern durch das Stadtzentrum mit seinen Gesch\u00e4ften und Restaurants.<\/p>\n\n\n\n<p>Das zweite Trekking f\u00fchrt uns nun ins Manaslu Gebiet. Durch alle Vegetationszonen geht es&nbsp;dem aussichtsreichen Ziel, dem 3590 m hoch gelegenen Bimtang entgegen. Der in einem Hochtal gelegene Ort bietet unvergesslichen Ausblicken auf die Siebentausender des Himlung Himal und den majest\u00e4tisch aufragenden Manaslu.&nbsp;<\/p>\n\n\n\n<h5 class=\"wp-block-heading\">Ablauf<\/h5>\n\n\n\n<p>1. Tag: Abreise in Deutschland<br>2. Tag: Ankunft in Kathmandu und \u00dcbernachtung im Hotel<br>3. Tag: Besichtigungen in Kathmandu &#8211; Hotel<br>4. Tag: Flug von Kathmandu nach Pokhara &#8211; Hotel &#8211; 870 m<br>5. Tag: Fahrt (50km, 4h) nach Hile \u2013 Lodge \u2013 1500 m<br>6. Tag: Trekking Hile nach Banthanti \u2013 Lodge \u2013 2210 m<br>7. Tag: Trekking Banthanti nach Ghorepani \u2013 Lodge \u2013 2860m<br>8. Tag: Trekking vor dem Fr\u00fchst\u00fcck zum Poon Hill (3210m) und weiter nach Deurali \u2013 Lodge \u2013 3106 m&nbsp;<br>9. Tag: Fr\u00fcher Aufbruch zum 3637m hohen Aussichtsberg Muldai \u2013 Abstieg nach Dobato \u2013 Lodge \u2013 3450m<br>10. Tag: Wer den Sonnenaufgang am Muldai erleben will, kann die 160 H\u00f6henmeter nochmals aufsteigen. Anschlie\u00dfend weiter nach Tadapani \u2013 Lodge 2630m<br>11. Tag Abstieg nach Ghandruk und R\u00fcckfahrt nach Pokhara \u2013 Hotel \u2013 870m<br>12. Tag: Freizeit in Pokhara&nbsp;&#8211; Hotel<br>13. Tag: Fahrt nach Besisahar &#8211; Hotel<br>14. Tag: Fahrt nach Dharapani&nbsp;&#8211; Hotel &#8211; 1860m<br>15. Tag: Trekking von Dharapani nach Goa &#8211; Lodge &#8211; 2515m<br>16. Tag: Trekking von Goa nach Yak Kharka &#8211; Lodge &#8211; 3020m<br>17. Tag: Trekking von Yak Kharka nach Bimtang &#8211; Lodge- 3590m<br>18. Tag: Ruhetag zum Entspannen und genie\u00dfen in Bimtang &#8211; Lodge &#8211; 3590m<br>19. Tag: Trekking von Bimtang nach Kharche &#8211; Lodge &#8211; 2700m<br>20. Tag: Trekking von Kharche nach Dharapani &#8211; Hotel<br>21. Tag: Fahrt nach Besisahar&nbsp;&#8211; Hotel<br>22. Tag: Fahrt nach Kathmandu &#8211; Hotel<br>23. Tag: Freitzeit in Kathmandu \u2013 Hotel<br>24. Tag: Abreise in Kathmandu<\/p>\n\n\n\n<h5 class=\"wp-block-heading\">Anforderung Schwierigkeit<\/h5>\n\n\n<div class=\"wp-block-image\">\n<figure class=\"alignleft size-full\"><img decoding=\"async\" loading=\"lazy\" width=\"400\" height=\"66\" src=\"https:\/\/www.fair-trekking-nepal.de\/wp-content\/uploads\/2026\/01\/difficulty_1-2.png\" alt=\"\" class=\"wp-image-1133\" srcset=\"https:\/\/www.fair-trekking-nepal.de\/wp-content\/uploads\/2026\/01\/difficulty_1-2.png 400w, https:\/\/www.fair-trekking-nepal.de\/wp-content\/uploads\/2026\/01\/difficulty_1-2-300x50.png 300w\" sizes=\"(max-width: 400px) 100vw, 400px\" \/><\/figure><\/div>\n\n\n<h5 class=\"wp-block-heading\">&nbsp;<\/h5>\n\n\n\n<p><\/p>\n\n\n\n<p><strong>1<\/strong> = Wandererfahrung &#8211; Ausdauer auf Bergpfaden f\u00fcr t\u00e4gliche Gehzeiten zwischen 4 &#8211; 6 Stunden erforderlich. Es sind keine technischen Schwierigkeiten zu bew\u00e4ltigen. Die Wege sind \u00fcberwiegend breit und es gibt keine ausgesetzten Passagen.<\/p>\n\n\n\n<p><\/p>\n\n\n\n<h5 class=\"wp-block-heading\">Unsere Leistungen<\/h5>\n\n\n\n<ul>\n<li>Transfer vom und zum Flughafen Kathmandu<\/li>\n\n\n\n<li>Vier \u00dcbernachtungen in einem Hotel in Kathmandu <mark style=\"background-color:rgba(0, 0, 0, 0)\" class=\"has-inline-color has-black-color\">&#8211; viermal Halbpension<\/mark><\/li>\n\n\n\n<li>Acht \u00dcbernachtungen in Hotels in Pokhara, Besisahar und Dharapani &#8211; Acht Mal Halbpension<\/li>\n\n\n\n<li>Betreuung w\u00e4hrend der gesamten Trekking-Tour durch unsere erfahrenen Trekking-Guides<\/li>\n\n\n\n<li>Nationalparkgeb\u00fchren<\/li>\n\n\n\n<li>Zehn \u00dcbernachtungen in einer Lodge w\u00e4hrend des Trekkings<\/li>\n\n\n\n<li>Gep\u00e4cktransport w\u00e4hrend des Trekkings durch unsere Tr\u00e4ger &#8211; max. 11 kg pro Person<\/li>\n\n\n\n<li>Transfers laut Programm mit Bus und Jeep&nbsp;<\/li>\n\n\n\n<li>Flug nach Pokhara<\/li>\n\n\n\n<li>Vollpension w\u00e4hrend des gesamten Trekkings <ul><li>Fr\u00fchst\u00fcck mit Kaffee, Tee oder hei\u00dfem Wasser <mark style=\"background-color:rgba(0, 0, 0, 0)\" class=\"has-inline-color has-black-color\">(ein Gericht aus der Karte)<\/mark><\/li><\/ul><mark style=\"background-color:rgba(0, 0, 0, 0)\" class=\"has-inline-color has-vivid-red-color\"><\/mark>\n<ul>\n<li>Mittagessen mit Tee oder hei\u00dfem Wasser<mark style=\"background-color:rgba(0, 0, 0, 0)\" class=\"has-inline-color has-black-color\"> (zwei Gerichte zur Auswahl)<\/mark><\/li>\n\n\n\n<li>Abendessen mit Tee oder hei\u00dfem Wasser<mark style=\"background-color:rgba(0, 0, 0, 0)\" class=\"has-inline-color has-black-color\"> (Suppe und ein Gericht aus der Karte)<\/mark><\/li>\n\n\n\n<li>Insgesamt 3-4 Liter Tee \/ hei\u00dfes Wasser pro Person und Tag<\/li>\n<\/ul>\n<\/li>\n<\/ul>\n\n\n\n<h5 class=\"wp-block-heading\">Nicht in den Leistungen enthalten<\/h5>\n\n\n\n<ul>\n<li>Flaschenwasser, Softdrinks , Bier und Nachtisch<\/li>\n\n\n\n<li>Zus\u00e4tzliche Verpflegung (Energieriegel, Schokolade, etc.)<\/li>\n\n\n\n<li><mark style=\"background-color:rgba(0, 0, 0, 0)\" class=\"has-inline-color has-black-color\">Visum ca. 50$  \/ Trinkgelder ca. 100<\/mark>\u20ac<\/li>\n<\/ul>\n\n\n\n<h5 class=\"wp-block-heading\">Termin 2026<\/h5>\n\n\n\n05.11. &#8211; 28.11.<br>\n\n\n<h5>Preis ohne Flug<\/h5>\n<p>Pro Person: <strong>2.465 \u20ac <\/strong>(Durchf\u00fchrung ab 3 Personen)<\/p>","protected":false},"excerpt":{"rendered":"<p>Genusstrekking zu den sch\u00f6nsten Aussichtspunkten im Annapurna &#8211; und Manaslu Gebiet Dauer: 24 Tage Unser \u00dc 50 &#8211; Programm richtet<\/p>\n","protected":false},"author":1,"featured_media":0,"parent":15,"menu_order":0,"comment_status":"closed","ping_status":"closed","template":"","meta":{"ngg_post_thumbnail":0},"_links":{"self":[{"href":"https:\/\/www.fair-trekking-nepal.de\/index.php?rest_route=\/wp\/v2\/pages\/814"}],"collection":[{"href":"https:\/\/www.fair-trekking-nepal.de\/index.php?rest_route=\/wp\/v2\/pages"}],"about":[{"href":"https:\/\/www.fair-trekking-nepal.de\/index.php?rest_route=\/wp\/v2\/types\/page"}],"author":[{"embeddable":true,"href":"https:\/\/www.fair-trekking-nepal.de\/index.php?rest_route=\/wp\/v2\/users\/1"}],"replies":[{"embeddable":true,"href":"https:\/\/www.fair-trekking-nepal.de\/index.php?rest_route=%2Fwp%2Fv2%2Fcomments&post=814"}],"version-history":[{"count":22,"href":"https:\/\/www.fair-trekking-nepal.de\/index.php?rest_route=\/wp\/v2\/pages\/814\/revisions"}],"predecessor-version":[{"id":1173,"href":"https:\/\/www.fair-trekking-nepal.de\/index.php?rest_route=\/wp\/v2\/pages\/814\/revisions\/1173"}],"up":[{"embeddable":true,"href":"https:\/\/www.fair-trekking-nepal.de\/index.php?rest_route=\/wp\/v2\/pages\/15"}],"wp:attachment":[{"href":"https:\/\/www.fair-trekking-nepal.de\/index.php?rest_route=%2Fwp%2Fv2%2Fmedia&parent=814"}],"curies":[{"name":"wp","href":"https:\/\/api.w.org\/{rel}","templated":true}]}}