{"id":824,"date":"2024-01-11T01:22:40","date_gmt":"2024-01-10T23:22:40","guid":{"rendered":"https:\/\/www.fair-trekking-nepal.de\/?page_id=824"},"modified":"2026-01-23T08:53:14","modified_gmt":"2026-01-23T06:53:14","slug":"neu-ue50-spezial","status":"publish","type":"page","link":"https:\/\/www.fair-trekking-nepal.de\/?page_id=824","title":{"rendered":"\u00dc50 Spezial"},"content":{"rendered":"\n<h4 class=\"wp-block-heading has-text-align-center\">Genusstrekking zu den sch\u00f6nsten Aussichtspunkten im Annapurna &#8211; Gebiet<\/h4>\n\n\n\nngg_shortcode_0_placeholder\n\n\n\n<h5 class=\"wp-block-heading\">Dauer: 18 Tage<\/h5>\n\n\n\n<p>Unser \u00dc 50 &#8211; Programm richtet sich an Menschen, die es beim Wandern in den Bergen gem\u00fctlicher angehen lassen m\u00f6chten. Bei diesem Trekking kombinieren wir Komfort und maximales Naturerlebnis in zwei beliebten nepalesischen Regionen. Der Auftakt ist ein Panorama Flug von Kathmandu nach Pokhara. Anschlie\u00dfend beginnt das Trekking zum 3630m hohen Muldai. Die Ausblicke auf die 8000er Dhaulagiri, Annapurna und Manaslu sowie den Machapuchare sind grandios. Zur\u00fcck im Hotel in Pokhara genie\u00dfen wir die Annehmlichkeiten der Zivilisation. Den n\u00e4chsten Tag verbringen wir in Pokhara und schlendern durch das Stadtzentrum mit seinen Gesch\u00e4ften und Restaurants.&nbsp;<\/p>\n\n\n\n<p>Nach dem gr\u00f6\u00dften Gebirge der Erde erleben wir ein v\u00f6llig anders Gesicht von Nepal. Wir fahren mit dem Bus in den Chitwan Nationalpark. In diesem Urwaldgebiet gibt es Elefanten, Nash\u00f6rner, Krokodile, Tiger und vieles mehr.&nbsp;<\/p>\n\n\n\n<h5 class=\"wp-block-heading\">Ablauf<\/h5>\n\n\n\n<p>1. Tag: Abreise in Deutschland<br>2. Tag: Ankunft in Kathmandu und \u00dcbernachtung im Hotel<br>3. Tag: Besichtigungen in Kathmandu &#8211; Hotel<br>4. Tag: Flug von Kathmandu nach Pokhara &#8211; Hotel &#8211; 870 m<br>5. Tag: Fahrt (50km, 4h) nach Hile &#8211; Lodge &#8211; 1500 m<br>6. Tag: Trekking Hile nach Banthanti (5km, 900hm Aufstieg, 100hm Abstieg, 4h) &#8211; Lodge &#8211; 2210 m<br>7. Tag: Trekking Banthanti nach Ghorepani (6km, 700hm Aufstieg, 50hm Abstieg, 4h) &#8211; Lodge &#8211; 2860m<br>8. Tag: Trekking vor dem Fr\u00fchst\u00fcck zum Poon Hill (3210m) und weiter nach Deurali (7km, 700hm Aufstieg, 450hm Abstieg, 5h) &#8211; Lodge &#8211; 3106 m&nbsp;<br>9. Tag: Fr\u00fcher Aufbruch zum 3637m hohen Aussichtsberg Muldai &#8211; Abstieg nach Dobato (6km, 700hm Aufstieg, 300hm Abstieg, 5 h) &#8211; Lodge &#8211; 3450m<br>10. Tag: Wer den Sonnenaufgang am Muldai erleben will, kann die 160 H\u00f6henmeter nochmals aufsteigen. Anschlie\u00dfend weiter nach Tadapani (6km, 800hm Abstieg, 4h) \u2013 Lodge 2630m<br>11. Tag Abstieg nach Ghandruk (7km, 4h) und R\u00fcckfahrt nach Pokhara &#8211; Hotel &#8211; 870m<br>12. Tag: Freizeit in Pokhara&nbsp;&#8211; Hotel &#8211; 870m<br>13. Tag: Fahrt in den Chitwan Nationalpark &#8211; Hotel<br>14. Tag: Chitwan Nationalpark &#8211; Hotel<br>15. Tag: Chitwan Nationalpark &#8211; Hotel \/ Dschungelcamp<br>16. Tag: Chitwan Nationalpark und R\u00fcckfahrt nach Kathmandu &#8211; Hotel<br>17. Tag: Freitzeit in Kathmandu \u2013 Hotel<br>18. Tag: Abreise in Kathmandu<\/p>\n\n\n\n<h5 class=\"wp-block-heading\">Anforderung Schwierigkeit<\/h5>\n\n\n<div class=\"wp-block-image\">\n<figure class=\"alignleft size-full\"><img decoding=\"async\" loading=\"lazy\" width=\"400\" height=\"66\" src=\"https:\/\/www.fair-trekking-nepal.de\/wp-content\/uploads\/2026\/01\/difficulty_1-3.png\" alt=\"\" class=\"wp-image-1135\" srcset=\"https:\/\/www.fair-trekking-nepal.de\/wp-content\/uploads\/2026\/01\/difficulty_1-3.png 400w, https:\/\/www.fair-trekking-nepal.de\/wp-content\/uploads\/2026\/01\/difficulty_1-3-300x50.png 300w\" sizes=\"(max-width: 400px) 100vw, 400px\" \/><\/figure><\/div>\n\n\n<h5 class=\"wp-block-heading\">&nbsp;<\/h5>\n\n\n\n<p><\/p>\n\n\n\n<p><strong>1<\/strong> = Wandererfahrung &#8211; Ausdauer auf Bergpfaden f\u00fcr t\u00e4gliche Gehzeiten zwischen 4 &#8211; 6 Stunden erforderlich. Es sind keine technischen Schwierigkeiten zu bew\u00e4ltigen. Die Wege sind \u00fcberwiegend breit und es gibt keine ausgesetzten Passagen.<\/p>\n\n\n\n<p><\/p>\n\n\n\n<h5 class=\"wp-block-heading\">Unsere Leistungen<\/h5>\n\n\n\n<ul>\n<li>Transfer vom und zum Flughafen Kathmandu<\/li>\n\n\n\n<li>Vier \u00dcbernachtungen in einem Hotel in Kathmandu &#8211;<mark style=\"background-color:rgba(0, 0, 0, 0)\" class=\"has-inline-color has-black-color\"> viermal Halbpension<\/mark><\/li>\n\n\n\n<li><mark style=\"background-color:rgba(0, 0, 0, 0)\" class=\"has-inline-color has-black-color\">Sieben <\/mark>\u00dcbernachtungen in Hotels in Pokhara und Chitwan &#8211; Sieben Mal Halbpension<\/li>\n\n\n\n<li>Betreuung w\u00e4hrend der gesamten Trekking-Tour durch unsere erfahrenen Trekking-Guides<\/li>\n\n\n\n<li>Nationalparkgeb\u00fchren<\/li>\n\n\n\n<li>F\u00fcnf \u00dcbernachtungen in einer Lodge w\u00e4hrend des Trekkings<\/li>\n\n\n\n<li>Gep\u00e4cktransport w\u00e4hrend des Trekkings durch unsere Tr\u00e4ger &#8211; max. 11 kg pro Person<\/li>\n\n\n\n<li>Transfers laut Programm mit Bus und Jeep<\/li>\n\n\n\n<li><mark style=\"background-color:rgba(0, 0, 0, 0)\" class=\"has-inline-color has-black-color\">Geb\u00fchren Chitwan<\/mark><\/li>\n\n\n\n<li>Flug nach Pokhara<\/li>\n\n\n\n<li>Vollpension w\u00e4hrend des gesamten Trekkings <ul><li>Fr\u00fchst\u00fcck mit Kaffee, Tee oder hei\u00dfem Wasser<mark style=\"background-color:rgba(0, 0, 0, 0)\" class=\"has-inline-color has-black-color\"> (ein Gericht aus der Karte)<\/mark><\/li><\/ul><mark style=\"background-color:rgba(0, 0, 0, 0)\" class=\"has-inline-color has-vivid-red-color\"><\/mark>\n<ul>\n<li>Mittagessen mit Tee oder hei\u00dfem Wasser <mark style=\"background-color:rgba(0, 0, 0, 0)\" class=\"has-inline-color has-black-color\">(zwei Gerichte zur Auswahl)<\/mark><\/li>\n\n\n\n<li>Abendessen mit Tee oder hei\u00dfem Wasser <mark style=\"background-color:rgba(0, 0, 0, 0)\" class=\"has-inline-color has-black-color\">(Suppe und ein Gericht aus der Karte)<\/mark><\/li>\n\n\n\n<li>Insgesamt 3-4 Liter Tee \/ hei\u00dfes Wasser pro Person und Tag<\/li>\n<\/ul>\n<\/li>\n<\/ul>\n\n\n\n<h5 class=\"wp-block-heading\">Nicht in den Leistungen enthalten<\/h5>\n\n\n\n<ul>\n<li>Flaschenwasser, Softdrinks , Bier und Nachtisch<\/li>\n\n\n\n<li>Zus\u00e4tzliche Verpflegung (Energieriegel, Schokolade, etc.)<\/li>\n\n\n\n<li><mark style=\"background-color:rgba(0, 0, 0, 0)\" class=\"has-inline-color has-black-color\">Visum ca. 50$<\/mark><mark style=\"background-color:rgba(0, 0, 0, 0)\" class=\"has-inline-color has-vivid-red-color\"> <\/mark><mark style=\"background-color:rgba(0, 0, 0, 0)\" class=\"has-inline-color has-black-color\">\/ Trinkgelder ca. 100<\/mark>\u20ac<\/li>\n<\/ul>\n\n\n\n<h5 class=\"wp-block-heading\">Termine 2026<\/h5>\n\n\n\n04.11. &#8211; 21.11.<br>\n11.11. &#8211; 28.11.\n\n\n<h5>Preis ohne Flug<\/h5>\n<p>Pro Person: <strong>2.120 \u20ac <\/strong>(Durchf\u00fchrung ab 3 Personen)<\/p>","protected":false},"excerpt":{"rendered":"<p>Genusstrekking zu den sch\u00f6nsten Aussichtspunkten im Annapurna &#8211; Gebiet Dauer: 18 Tage Unser \u00dc 50 &#8211; Programm richtet sich an<\/p>\n","protected":false},"author":1,"featured_media":0,"parent":15,"menu_order":0,"comment_status":"closed","ping_status":"closed","template":"","meta":{"ngg_post_thumbnail":0},"_links":{"self":[{"href":"https:\/\/www.fair-trekking-nepal.de\/index.php?rest_route=\/wp\/v2\/pages\/824"}],"collection":[{"href":"https:\/\/www.fair-trekking-nepal.de\/index.php?rest_route=\/wp\/v2\/pages"}],"about":[{"href":"https:\/\/www.fair-trekking-nepal.de\/index.php?rest_route=\/wp\/v2\/types\/page"}],"author":[{"embeddable":true,"href":"https:\/\/www.fair-trekking-nepal.de\/index.php?rest_route=\/wp\/v2\/users\/1"}],"replies":[{"embeddable":true,"href":"https:\/\/www.fair-trekking-nepal.de\/index.php?rest_route=%2Fwp%2Fv2%2Fcomments&post=824"}],"version-history":[{"count":19,"href":"https:\/\/www.fair-trekking-nepal.de\/index.php?rest_route=\/wp\/v2\/pages\/824\/revisions"}],"predecessor-version":[{"id":1172,"href":"https:\/\/www.fair-trekking-nepal.de\/index.php?rest_route=\/wp\/v2\/pages\/824\/revisions\/1172"}],"up":[{"embeddable":true,"href":"https:\/\/www.fair-trekking-nepal.de\/index.php?rest_route=\/wp\/v2\/pages\/15"}],"wp:attachment":[{"href":"https:\/\/www.fair-trekking-nepal.de\/index.php?rest_route=%2Fwp%2Fv2%2Fmedia&parent=824"}],"curies":[{"name":"wp","href":"https:\/\/api.w.org\/{rel}","templated":true}]}}